{"id":15,"date":"2013-04-22T21:21:11","date_gmt":"2013-04-22T19:21:11","guid":{"rendered":"http:\/\/wp.vyhny.cz\/?page_id=15"},"modified":"2025-10-19T06:22:26","modified_gmt":"2025-10-19T05:22:26","slug":"info","status":"publish","type":"page","link":"https:\/\/www.zlataprilba.cz\/foogalerie\/info\/","title":{"rendered":"Informace"},"content":{"rendered":"<p style=\"text-align: justify;\">V Pardubic\u00edch se <span style=\"color: #993300;\"><strong>od roku 1929<\/strong><\/span> kon\u00e1 motocyklov\u00fd z\u00e1vod na ploch\u00e9 dr\u00e1ze. V sou\u010dasnosti je nejstar\u0161\u00edm pravideln\u011b po\u0159\u00e1dan\u00fdm z\u00e1vodem tohoto druhu na sv\u011bt\u011b. Ka\u017edoro\u010dn\u011b<span class=\"text_exposed_show\"> l\u00e1k\u00e1 do hledi\u0161t\u011b stadionu ve Sv\u00edtkov\u011b v\u00edce jak deset tis\u00edc p\u0159\u00edznivc\u016f, kter\u00fdm nab\u00edz\u00ed atraktivn\u00ed pod\u00edvanou na \u0161estici jezdc\u016f jedouc\u00edch bezm\u00e1la stokilometrovou rychlost\u00ed po ov\u00e1le na stroj\u00edch, kter\u00e9 nemaj\u00ed brzdy. Na hlinitop\u00eds\u010dit\u00e9m povrchu se p\u0159edstavuje mnoho jezdc\u016f absolutn\u00ed sv\u011btov\u00e9 \u0161pi\u010dky bojuj\u00edc\u00edch o ve sv\u011bt\u011b cen\u011bnou trofej. Do Pardubic jezd\u00ed po mnoho let skv\u011bl\u00e1 konkurence a proto se dlouh\u00fdch dvacet jedna let \u010dekalo na dal\u0161\u00edho \u010desk\u00e9ho v\u00edt\u011bze. V\u00e1clav Mil\u00edk v roce 2017 potvrdil svou p\u0159\u00edslu\u0161nost ke sv\u011btov\u00e9 \u0161pi\u010dce a p\u0159\u00edznivci v\u011b\u0159\u00ed, \u017ee by mohl nav\u00e1zat na slavn\u00e1 osmdes\u00e1t\u00e1 l\u00e9ta, kdy zde Ji\u0159\u00ed \u0160tancl dok\u00e1zal a\u017e p\u011btkr\u00e1t porazit startovn\u00ed listiny pln\u00e9 jmen mistr\u016f sv\u011bta.<br \/>\n<\/span><\/p>\n<p>&nbsp;<\/p>\n<p><span style=\"text-decoration: underline; color: #993300;\"><strong>Parametry dr\u00e1hy:<\/strong><\/span><\/p>\n<p><strong>typ dr\u00e1hy:<\/strong> Hlinitop\u00eds\u010dit\u00fd povrch<br \/>\n<strong>d\u00e9lka dr\u00e1hy:<\/strong> 391,5 metru<br \/>\n<strong>\u0161\u00ed\u0159ka na rovn\u011b:<\/strong> 15 metr\u016f<br \/>\n<strong>v zat\u00e1\u010dk\u00e1ch:<\/strong> 21 metr\u016f<br \/>\n<strong>rekord dr\u00e1hy:<\/strong> 64,09 sec. z 1.10.2010 &#8211; Artem Laguta (Rusko)<\/p>\n<p>&#8211; Um\u011bl\u00e9 osv\u011btlen\u00ed<br \/>\n&#8211; Nafukovac\u00ed bari\u00e9ry<\/p>\n<p><strong>Kapacita: <\/strong><span class=\"x4k7w5x x1h91t0o x1h9r5lt x1jfb8zj xv2umb2 x1beo9mf xaigb6o x12ejxvf x3igimt xarpa2k xedcshv x1lytzrv x1t2pt76 x7ja8zs x1qrby5j\"><span class=\"xeuugli x18c0a79 xu37r0v x1fj9vlw x13faqbe x1vvkbs xuwz08h x14g2gp5 x1fxoii6 xrxb4jq x14ognje x5jzov0 xya83n1 x1lliihq x1s928wv xhkezso x1gmr53x x1cpjm7i x1fgarty x1943h6x x1bsfjaj\" dir=\"auto\">18 000 div\u00e1k\u016f<\/span><\/span><\/p>\n<div id='gallery-1' class='gallery galleryid-15 gallery-columns-1 gallery-size-full'><figure class='gallery-item'>\n\t\t\t<div class='gallery-icon landscape'>\n\t\t\t\t<a href='https:\/\/www.zlataprilba.cz\/wp-content\/uploads\/2025\/10\/st-scaled.jpg' rel=\"lightbox[15]\"><img loading=\"lazy\" decoding=\"async\" width=\"2560\" height=\"1542\" src=\"https:\/\/www.zlataprilba.cz\/wp-content\/uploads\/2025\/10\/st-scaled.jpg\" class=\"attachment-full size-full\" alt=\"\" srcset=\"https:\/\/www.zlataprilba.cz\/wp-content\/uploads\/2025\/10\/st-scaled.jpg 2560w, https:\/\/www.zlataprilba.cz\/wp-content\/uploads\/2025\/10\/st-300x181.jpg 300w, https:\/\/www.zlataprilba.cz\/wp-content\/uploads\/2025\/10\/st-1024x617.jpg 1024w, https:\/\/www.zlataprilba.cz\/wp-content\/uploads\/2025\/10\/st-150x90.jpg 150w, https:\/\/www.zlataprilba.cz\/wp-content\/uploads\/2025\/10\/st-768x462.jpg 768w, https:\/\/www.zlataprilba.cz\/wp-content\/uploads\/2025\/10\/st-1536x925.jpg 1536w, https:\/\/www.zlataprilba.cz\/wp-content\/uploads\/2025\/10\/st-2048x1233.jpg 2048w\" sizes=\"auto, (max-width: 2560px) 100vw, 2560px\" \/><\/a>\n\t\t\t<\/div><\/figure>\n\t\t<\/div>\n\n<p>&nbsp;<\/p>\n","protected":false},"excerpt":{"rendered":"<p>V Pardubic\u00edch se od roku 1929 kon\u00e1 motocyklov\u00fd z\u00e1vod na ploch\u00e9 dr\u00e1ze. V sou\u010dasnosti je nejstar\u0161\u00edm pravideln\u011b po\u0159\u00e1dan\u00fdm z\u00e1vodem tohoto druhu na sv\u011bt\u011b. Ka\u017edoro\u010dn\u011b l\u00e1k\u00e1 do hledi\u0161t\u011b stadionu ve Sv\u00edtkov\u011b v\u00edce jak deset tis\u00edc p\u0159\u00edznivc\u016f, kter\u00fdm nab\u00edz\u00ed atraktivn\u00ed pod\u00edvanou na<\/p>\n","protected":false},"author":1,"featured_media":0,"parent":0,"menu_order":0,"comment_status":"closed","ping_status":"open","template":"","meta":{"footnotes":""},"class_list":["post-15","page","type-page","status-publish","hentry"],"_links":{"self":[{"href":"https:\/\/www.zlataprilba.cz\/foogalerie\/wp-json\/wp\/v2\/pages\/15","targetHints":{"allow":["GET"]}}],"collection":[{"href":"https:\/\/www.zlataprilba.cz\/foogalerie\/wp-json\/wp\/v2\/pages"}],"about":[{"href":"https:\/\/www.zlataprilba.cz\/foogalerie\/wp-json\/wp\/v2\/types\/page"}],"author":[{"embeddable":true,"href":"https:\/\/www.zlataprilba.cz\/foogalerie\/wp-json\/wp\/v2\/users\/1"}],"replies":[{"embeddable":true,"href":"https:\/\/www.zlataprilba.cz\/foogalerie\/wp-json\/wp\/v2\/comments?post=15"}],"version-history":[{"count":0,"href":"https:\/\/www.zlataprilba.cz\/foogalerie\/wp-json\/wp\/v2\/pages\/15\/revisions"}],"wp:attachment":[{"href":"https:\/\/www.zlataprilba.cz\/foogalerie\/wp-json\/wp\/v2\/media?parent=15"}],"curies":[{"name":"wp","href":"https:\/\/api.w.org\/{rel}","templated":true}]}}