{"id":19735,"date":"2023-12-31T10:14:47","date_gmt":"2023-12-31T09:14:47","guid":{"rendered":"http:\/\/www.zlataprilba.cz\/?page_id=19735"},"modified":"2024-10-18T06:06:28","modified_gmt":"2024-10-18T05:06:28","slug":"dokumenty","status":"publish","type":"page","link":"https:\/\/www.zlataprilba.cz\/foogalerie\/dokumenty\/","title":{"rendered":"Dokumenty"},"content":{"rendered":"<p>&nbsp;<\/p>\n<p>&nbsp;<\/p>\n<ul>\n<li><span style=\"font-size: 14pt;\"><a href=\"http:\/\/www.zlataprilba.cz\/wp-content\/uploads\/2023\/12\/Zprava-reklamni-plneni-a-propagace-SPEEDWAY-VIKEND.pdf\">Zpr\u00e1va reklamn\u00ed pln\u011bn\u00ed a propagace\u00a0 SPEEDWAY\u00a0 V\u00cdKEND\u00a0 2023<\/a><\/span><\/li>\n<li><a href=\"http:\/\/www.zlataprilba.cz\/wp-content\/uploads\/2024\/09\/Tiskova-informace-ZP2024.pdf\"><span style=\"font-size: 14pt;\">Tiskov\u00e1 informace\u00a0 Zlat\u00e1 P\u0159ilba m\u011bsta Pardubic 2024<\/span><\/a><\/li>\n<li>Ofici\u00e1ln\u00ed v\u00fdsledky 04.-06.10. 2024<\/li>\n<\/ul>\n","protected":false},"excerpt":{"rendered":"<p>&nbsp; &nbsp; Zpr\u00e1va reklamn\u00ed pln\u011bn\u00ed a propagace\u00a0 SPEEDWAY\u00a0 V\u00cdKEND\u00a0 2023 Tiskov\u00e1 informace\u00a0 Zlat\u00e1 P\u0159ilba m\u011bsta Pardubic 2024 Ofici\u00e1ln\u00ed v\u00fdsledky 04.-06.10. 2024<\/p>\n","protected":false},"author":1,"featured_media":0,"parent":0,"menu_order":0,"comment_status":"closed","ping_status":"closed","template":"","meta":{"footnotes":""},"class_list":["post-19735","page","type-page","status-publish","hentry"],"_links":{"self":[{"href":"https:\/\/www.zlataprilba.cz\/foogalerie\/wp-json\/wp\/v2\/pages\/19735","targetHints":{"allow":["GET"]}}],"collection":[{"href":"https:\/\/www.zlataprilba.cz\/foogalerie\/wp-json\/wp\/v2\/pages"}],"about":[{"href":"https:\/\/www.zlataprilba.cz\/foogalerie\/wp-json\/wp\/v2\/types\/page"}],"author":[{"embeddable":true,"href":"https:\/\/www.zlataprilba.cz\/foogalerie\/wp-json\/wp\/v2\/users\/1"}],"replies":[{"embeddable":true,"href":"https:\/\/www.zlataprilba.cz\/foogalerie\/wp-json\/wp\/v2\/comments?post=19735"}],"version-history":[{"count":0,"href":"https:\/\/www.zlataprilba.cz\/foogalerie\/wp-json\/wp\/v2\/pages\/19735\/revisions"}],"wp:attachment":[{"href":"https:\/\/www.zlataprilba.cz\/foogalerie\/wp-json\/wp\/v2\/media?parent=19735"}],"curies":[{"name":"wp","href":"https:\/\/api.w.org\/{rel}","templated":true}]}}