{"id":20708,"date":"2024-09-19T14:46:04","date_gmt":"2024-09-19T13:46:04","guid":{"rendered":"http:\/\/www.zlataprilba.cz\/?page_id=20708"},"modified":"2025-10-19T10:56:40","modified_gmt":"2025-10-19T09:56:40","slug":"vitezove-zlata-prilba","status":"publish","type":"page","link":"https:\/\/www.zlataprilba.cz\/foogalerie\/vitezove-zlata-prilba\/","title":{"rendered":"V\u00edt\u011bzov\u00e9 Zlat\u00e9 p\u0159ilby"},"content":{"rendered":"<div id='gallery-1' class='gallery galleryid-20708 gallery-columns-1 gallery-size-full'><figure class='gallery-item'>\n\t\t\t<div class='gallery-icon portrait'>\n\t\t\t\t<a href='https:\/\/www.zlataprilba.cz\/wp-content\/uploads\/2025\/10\/1-scaled.jpg' rel=\"lightbox[20708]\"><img loading=\"lazy\" decoding=\"async\" width=\"1837\" height=\"2560\" src=\"https:\/\/www.zlataprilba.cz\/wp-content\/uploads\/2025\/10\/1-scaled.jpg\" class=\"attachment-full size-full\" alt=\"\" srcset=\"https:\/\/www.zlataprilba.cz\/wp-content\/uploads\/2025\/10\/1-scaled.jpg 1837w, https:\/\/www.zlataprilba.cz\/wp-content\/uploads\/2025\/10\/1-215x300.jpg 215w, https:\/\/www.zlataprilba.cz\/wp-content\/uploads\/2025\/10\/1-735x1024.jpg 735w, https:\/\/www.zlataprilba.cz\/wp-content\/uploads\/2025\/10\/1-108x150.jpg 108w, https:\/\/www.zlataprilba.cz\/wp-content\/uploads\/2025\/10\/1-768x1070.jpg 768w, https:\/\/www.zlataprilba.cz\/wp-content\/uploads\/2025\/10\/1-1102x1536.jpg 1102w, https:\/\/www.zlataprilba.cz\/wp-content\/uploads\/2025\/10\/1-1470x2048.jpg 1470w\" sizes=\"auto, (max-width: 1837px) 100vw, 1837px\" \/><\/a>\n\t\t\t<\/div><\/figure><figure class='gallery-item'>\n\t\t\t<div class='gallery-icon portrait'>\n\t\t\t\t<a href='https:\/\/www.zlataprilba.cz\/wp-content\/uploads\/2025\/10\/2-scaled.jpg' rel=\"lightbox[20708]\"><img loading=\"lazy\" decoding=\"async\" width=\"1830\" height=\"2560\" src=\"https:\/\/www.zlataprilba.cz\/wp-content\/uploads\/2025\/10\/2-scaled.jpg\" class=\"attachment-full size-full\" alt=\"\" srcset=\"https:\/\/www.zlataprilba.cz\/wp-content\/uploads\/2025\/10\/2-scaled.jpg 1830w, https:\/\/www.zlataprilba.cz\/wp-content\/uploads\/2025\/10\/2-214x300.jpg 214w, https:\/\/www.zlataprilba.cz\/wp-content\/uploads\/2025\/10\/2-732x1024.jpg 732w, https:\/\/www.zlataprilba.cz\/wp-content\/uploads\/2025\/10\/2-107x150.jpg 107w, https:\/\/www.zlataprilba.cz\/wp-content\/uploads\/2025\/10\/2-768x1075.jpg 768w, https:\/\/www.zlataprilba.cz\/wp-content\/uploads\/2025\/10\/2-1098x1536.jpg 1098w, https:\/\/www.zlataprilba.cz\/wp-content\/uploads\/2025\/10\/2-1464x2048.jpg 1464w\" sizes=\"auto, (max-width: 1830px) 100vw, 1830px\" \/><\/a>\n\t\t\t<\/div><\/figure><figure class='gallery-item'>\n\t\t\t<div class='gallery-icon portrait'>\n\t\t\t\t<a href='https:\/\/www.zlataprilba.cz\/wp-content\/uploads\/2025\/10\/3-scaled.jpg' rel=\"lightbox[20708]\"><img loading=\"lazy\" decoding=\"async\" width=\"1825\" height=\"2560\" src=\"https:\/\/www.zlataprilba.cz\/wp-content\/uploads\/2025\/10\/3-scaled.jpg\" class=\"attachment-full size-full\" alt=\"\" srcset=\"https:\/\/www.zlataprilba.cz\/wp-content\/uploads\/2025\/10\/3-scaled.jpg 1825w, https:\/\/www.zlataprilba.cz\/wp-content\/uploads\/2025\/10\/3-214x300.jpg 214w, https:\/\/www.zlataprilba.cz\/wp-content\/uploads\/2025\/10\/3-730x1024.jpg 730w, https:\/\/www.zlataprilba.cz\/wp-content\/uploads\/2025\/10\/3-107x150.jpg 107w, https:\/\/www.zlataprilba.cz\/wp-content\/uploads\/2025\/10\/3-768x1077.jpg 768w, https:\/\/www.zlataprilba.cz\/wp-content\/uploads\/2025\/10\/3-1095x1536.jpg 1095w, https:\/\/www.zlataprilba.cz\/wp-content\/uploads\/2025\/10\/3-1460x2048.jpg 1460w\" sizes=\"auto, (max-width: 1825px) 100vw, 1825px\" \/><\/a>\n\t\t\t<\/div><\/figure><figure class='gallery-item'>\n\t\t\t<div class='gallery-icon portrait'>\n\t\t\t\t<a href='https:\/\/www.zlataprilba.cz\/wp-content\/uploads\/2025\/10\/4-scaled.jpg' rel=\"lightbox[20708]\"><img loading=\"lazy\" decoding=\"async\" width=\"1827\" height=\"2560\" src=\"https:\/\/www.zlataprilba.cz\/wp-content\/uploads\/2025\/10\/4-scaled.jpg\" class=\"attachment-full size-full\" alt=\"\" srcset=\"https:\/\/www.zlataprilba.cz\/wp-content\/uploads\/2025\/10\/4-scaled.jpg 1827w, https:\/\/www.zlataprilba.cz\/wp-content\/uploads\/2025\/10\/4-214x300.jpg 214w, https:\/\/www.zlataprilba.cz\/wp-content\/uploads\/2025\/10\/4-731x1024.jpg 731w, https:\/\/www.zlataprilba.cz\/wp-content\/uploads\/2025\/10\/4-107x150.jpg 107w, https:\/\/www.zlataprilba.cz\/wp-content\/uploads\/2025\/10\/4-768x1076.jpg 768w, https:\/\/www.zlataprilba.cz\/wp-content\/uploads\/2025\/10\/4-1096x1536.jpg 1096w, https:\/\/www.zlataprilba.cz\/wp-content\/uploads\/2025\/10\/4-1462x2048.jpg 1462w\" sizes=\"auto, (max-width: 1827px) 100vw, 1827px\" \/><\/a>\n\t\t\t<\/div><\/figure><figure class='gallery-item'>\n\t\t\t<div class='gallery-icon portrait'>\n\t\t\t\t<a href='https:\/\/www.zlataprilba.cz\/wp-content\/uploads\/2025\/10\/5-scaled.jpg' rel=\"lightbox[20708]\"><img loading=\"lazy\" decoding=\"async\" width=\"1805\" height=\"2560\" src=\"https:\/\/www.zlataprilba.cz\/wp-content\/uploads\/2025\/10\/5-scaled.jpg\" class=\"attachment-full size-full\" alt=\"\" srcset=\"https:\/\/www.zlataprilba.cz\/wp-content\/uploads\/2025\/10\/5-scaled.jpg 1805w, https:\/\/www.zlataprilba.cz\/wp-content\/uploads\/2025\/10\/5-212x300.jpg 212w, https:\/\/www.zlataprilba.cz\/wp-content\/uploads\/2025\/10\/5-722x1024.jpg 722w, https:\/\/www.zlataprilba.cz\/wp-content\/uploads\/2025\/10\/5-106x150.jpg 106w, https:\/\/www.zlataprilba.cz\/wp-content\/uploads\/2025\/10\/5-768x1089.jpg 768w, https:\/\/www.zlataprilba.cz\/wp-content\/uploads\/2025\/10\/5-1083x1536.jpg 1083w, https:\/\/www.zlataprilba.cz\/wp-content\/uploads\/2025\/10\/5-1444x2048.jpg 1444w\" sizes=\"auto, (max-width: 1805px) 100vw, 1805px\" \/><\/a>\n\t\t\t<\/div><\/figure><figure class='gallery-item'>\n\t\t\t<div class='gallery-icon portrait'>\n\t\t\t\t<a href='https:\/\/www.zlataprilba.cz\/wp-content\/uploads\/2025\/10\/6-scaled.jpg' rel=\"lightbox[20708]\"><img loading=\"lazy\" decoding=\"async\" width=\"1818\" height=\"2560\" src=\"https:\/\/www.zlataprilba.cz\/wp-content\/uploads\/2025\/10\/6-scaled.jpg\" class=\"attachment-full size-full\" alt=\"\" srcset=\"https:\/\/www.zlataprilba.cz\/wp-content\/uploads\/2025\/10\/6-scaled.jpg 1818w, https:\/\/www.zlataprilba.cz\/wp-content\/uploads\/2025\/10\/6-213x300.jpg 213w, https:\/\/www.zlataprilba.cz\/wp-content\/uploads\/2025\/10\/6-727x1024.jpg 727w, https:\/\/www.zlataprilba.cz\/wp-content\/uploads\/2025\/10\/6-107x150.jpg 107w, https:\/\/www.zlataprilba.cz\/wp-content\/uploads\/2025\/10\/6-768x1081.jpg 768w, https:\/\/www.zlataprilba.cz\/wp-content\/uploads\/2025\/10\/6-1091x1536.jpg 1091w, https:\/\/www.zlataprilba.cz\/wp-content\/uploads\/2025\/10\/6-1455x2048.jpg 1455w\" sizes=\"auto, (max-width: 1818px) 100vw, 1818px\" \/><\/a>\n\t\t\t<\/div><\/figure><figure class='gallery-item'>\n\t\t\t<div class='gallery-icon portrait'>\n\t\t\t\t<a href='https:\/\/www.zlataprilba.cz\/wp-content\/uploads\/2025\/10\/7-scaled.jpg' rel=\"lightbox[20708]\"><img loading=\"lazy\" decoding=\"async\" width=\"1818\" height=\"2560\" src=\"https:\/\/www.zlataprilba.cz\/wp-content\/uploads\/2025\/10\/7-scaled.jpg\" class=\"attachment-full size-full\" alt=\"\" srcset=\"https:\/\/www.zlataprilba.cz\/wp-content\/uploads\/2025\/10\/7-scaled.jpg 1818w, https:\/\/www.zlataprilba.cz\/wp-content\/uploads\/2025\/10\/7-213x300.jpg 213w, https:\/\/www.zlataprilba.cz\/wp-content\/uploads\/2025\/10\/7-727x1024.jpg 727w, https:\/\/www.zlataprilba.cz\/wp-content\/uploads\/2025\/10\/7-107x150.jpg 107w, https:\/\/www.zlataprilba.cz\/wp-content\/uploads\/2025\/10\/7-768x1081.jpg 768w, https:\/\/www.zlataprilba.cz\/wp-content\/uploads\/2025\/10\/7-1091x1536.jpg 1091w, https:\/\/www.zlataprilba.cz\/wp-content\/uploads\/2025\/10\/7-1454x2048.jpg 1454w\" sizes=\"auto, (max-width: 1818px) 100vw, 1818px\" \/><\/a>\n\t\t\t<\/div><\/figure><figure class='gallery-item'>\n\t\t\t<div class='gallery-icon portrait'>\n\t\t\t\t<a href='https:\/\/www.zlataprilba.cz\/wp-content\/uploads\/2025\/10\/8-scaled.jpg' rel=\"lightbox[20708]\"><img loading=\"lazy\" decoding=\"async\" width=\"1808\" height=\"2560\" src=\"https:\/\/www.zlataprilba.cz\/wp-content\/uploads\/2025\/10\/8-scaled.jpg\" class=\"attachment-full size-full\" alt=\"\" srcset=\"https:\/\/www.zlataprilba.cz\/wp-content\/uploads\/2025\/10\/8-scaled.jpg 1808w, https:\/\/www.zlataprilba.cz\/wp-content\/uploads\/2025\/10\/8-212x300.jpg 212w, https:\/\/www.zlataprilba.cz\/wp-content\/uploads\/2025\/10\/8-723x1024.jpg 723w, https:\/\/www.zlataprilba.cz\/wp-content\/uploads\/2025\/10\/8-106x150.jpg 106w, https:\/\/www.zlataprilba.cz\/wp-content\/uploads\/2025\/10\/8-768x1087.jpg 768w, https:\/\/www.zlataprilba.cz\/wp-content\/uploads\/2025\/10\/8-1085x1536.jpg 1085w, https:\/\/www.zlataprilba.cz\/wp-content\/uploads\/2025\/10\/8-1447x2048.jpg 1447w\" sizes=\"auto, (max-width: 1808px) 100vw, 1808px\" \/><\/a>\n\t\t\t<\/div><\/figure>\n\t\t<\/div>\n\n","protected":false},"excerpt":{"rendered":"","protected":false},"author":5,"featured_media":0,"parent":0,"menu_order":0,"comment_status":"closed","ping_status":"closed","template":"","meta":{"footnotes":""},"class_list":["post-20708","page","type-page","status-publish","hentry"],"_links":{"self":[{"href":"https:\/\/www.zlataprilba.cz\/foogalerie\/wp-json\/wp\/v2\/pages\/20708","targetHints":{"allow":["GET"]}}],"collection":[{"href":"https:\/\/www.zlataprilba.cz\/foogalerie\/wp-json\/wp\/v2\/pages"}],"about":[{"href":"https:\/\/www.zlataprilba.cz\/foogalerie\/wp-json\/wp\/v2\/types\/page"}],"author":[{"embeddable":true,"href":"https:\/\/www.zlataprilba.cz\/foogalerie\/wp-json\/wp\/v2\/users\/5"}],"replies":[{"embeddable":true,"href":"https:\/\/www.zlataprilba.cz\/foogalerie\/wp-json\/wp\/v2\/comments?post=20708"}],"version-history":[{"count":0,"href":"https:\/\/www.zlataprilba.cz\/foogalerie\/wp-json\/wp\/v2\/pages\/20708\/revisions"}],"wp:attachment":[{"href":"https:\/\/www.zlataprilba.cz\/foogalerie\/wp-json\/wp\/v2\/media?parent=20708"}],"curies":[{"name":"wp","href":"https:\/\/api.w.org\/{rel}","templated":true}]}}