{"id":22,"date":"2013-04-22T21:25:19","date_gmt":"2013-04-22T19:25:19","guid":{"rendered":"http:\/\/wp.vyhny.cz\/?page_id=22"},"modified":"2025-12-04T19:03:56","modified_gmt":"2025-12-04T18:03:56","slug":"vstupenky-on-line","status":"publish","type":"page","link":"https:\/\/www.zlataprilba.cz\/foogalerie\/vstupenky-on-line\/","title":{"rendered":"Vstupenky on-line"},"content":{"rendered":"<p style=\"text-align: left;\"><strong>Zakoupit vstupenky si m\u016f\u017eete: <\/strong><\/p>\n<p style=\"text-align: center;\"><span style=\"text-decoration: underline; color: #800000;\"><strong>P\u0159\u00edmo na stadion\u011b ZP v Pardubic\u00edch:<\/strong><\/span><\/p>\n<p style=\"text-align: left;\">Distribuci vstupenek takto zakoupen\u00fdch zaji\u0161\u0165ujeme:<\/p>\n<ol>\n<li>po\u0161tou (na dob\u00edrku)<\/li>\n<li>Osobn\u00ed odb\u011br p\u0159\u00edmo na sekretari\u00e1tu plochodr\u00e1\u017en\u00edho stadionu. Jsme tu k dispozici ka\u017ed\u00fd v\u0161edn\u00ed den od 8 do 14 hodin, ale pro jistotu doporu\u010dujeme p\u0159edem telefonickou domluvu.<\/li>\n<\/ol>\n<p style=\"text-align: center;\"><span style=\"text-decoration: underline;\"><span style=\"color: #800000;\"><strong>Prost\u0159ednictv\u00edm spole\u010dnosti Ticketport\u00e1l<\/strong><\/span><\/span><\/p>\n<p>&nbsp;<\/p>\n<p style=\"text-align: center;\"><a href=\"https:\/\/www.ticketportal.cz\/venue\/Pardubicky-plochodrazni-stadion-ve-Svitkove\"><span style=\"text-decoration: underline;\"><span style=\"font-family: georgia, palatino, serif; font-size: 18pt;\"><strong>Vstupenky si m\u016f\u017eete zakoupit ZDE<\/strong><\/span><\/span><\/a><\/p>\n<p>&nbsp;<\/p>\n<p style=\"text-align: center;\">Vstupenky lze zakoupit tak\u00e9 na kamenn\u00fdch pobo\u010dk\u00e1ch, seznam prodejn\u00edch m\u00edst spole\u010dnosti Ticketportal naleznete<strong><span style=\"color: #993300;\"> <a title=\"Hled\u00e1n\u00ed prodejn\u00edch m\u00edst - Ticketport\u00e1l\" href=\"http:\/\/www.ticketportal.cz\/selling_places.aspx#-1\" target=\"_blank\" rel=\"noopener noreferrer\">ZDE<\/a><\/span>.<\/strong><\/p>\n","protected":false},"excerpt":{"rendered":"<p>Zakoupit vstupenky si m\u016f\u017eete: P\u0159\u00edmo na stadion\u011b ZP v Pardubic\u00edch: Distribuci vstupenek takto zakoupen\u00fdch zaji\u0161\u0165ujeme: po\u0161tou (na dob\u00edrku) Osobn\u00ed odb\u011br p\u0159\u00edmo na sekretari\u00e1tu plochodr\u00e1\u017en\u00edho stadionu. Jsme tu k dispozici ka\u017ed\u00fd v\u0161edn\u00ed den od 8 do 14 hodin, ale pro jistotu<\/p>\n","protected":false},"author":1,"featured_media":0,"parent":0,"menu_order":0,"comment_status":"closed","ping_status":"open","template":"","meta":{"footnotes":""},"class_list":["post-22","page","type-page","status-publish","hentry"],"_links":{"self":[{"href":"https:\/\/www.zlataprilba.cz\/foogalerie\/wp-json\/wp\/v2\/pages\/22","targetHints":{"allow":["GET"]}}],"collection":[{"href":"https:\/\/www.zlataprilba.cz\/foogalerie\/wp-json\/wp\/v2\/pages"}],"about":[{"href":"https:\/\/www.zlataprilba.cz\/foogalerie\/wp-json\/wp\/v2\/types\/page"}],"author":[{"embeddable":true,"href":"https:\/\/www.zlataprilba.cz\/foogalerie\/wp-json\/wp\/v2\/users\/1"}],"replies":[{"embeddable":true,"href":"https:\/\/www.zlataprilba.cz\/foogalerie\/wp-json\/wp\/v2\/comments?post=22"}],"version-history":[{"count":0,"href":"https:\/\/www.zlataprilba.cz\/foogalerie\/wp-json\/wp\/v2\/pages\/22\/revisions"}],"wp:attachment":[{"href":"https:\/\/www.zlataprilba.cz\/foogalerie\/wp-json\/wp\/v2\/media?parent=22"}],"curies":[{"name":"wp","href":"https:\/\/api.w.org\/{rel}","templated":true}]}}