{"id":24,"date":"2013-04-22T21:26:06","date_gmt":"2013-04-22T19:26:06","guid":{"rendered":"http:\/\/wp.vyhny.cz\/?page_id=24"},"modified":"2024-09-13T07:26:24","modified_gmt":"2024-09-13T06:26:24","slug":"system-zavodu-zp","status":"publish","type":"page","link":"https:\/\/www.zlataprilba.cz\/foogalerie\/system-zavodu-zp\/","title":{"rendered":"Syst\u00e9m z\u00e1vod\u016f Zlat\u00e1 p\u0159ilba"},"content":{"rendered":"<p>Jezdci jsou nasazeni do \u010dty\u0159 vylu\u010dovac\u00edch skupiny po \u0161esti jezdc\u00edch. V ka\u017ed\u00e9 vylu\u010dovac\u00ed skupin\u011b se uskute\u010dn\u00ed t\u0159i j\u00edzdy. Jezdci m\u011bn\u00ed v jednotliv\u00fdch j\u00edzd\u00e1ch podle p\u0159edem dan\u00e9ho kl\u00ed\u010de startovn\u00ed pozice. Z ka\u017ed\u00e9 vylu\u010dovac\u00ed skupiny postupuj\u00ed t\u0159i nejlep\u0161\u00ed jezdci.<\/p>\n<p>\u010ctvrtfin\u00e1lov\u00e9 skupiny tvo\u0159\u00ed dvan\u00e1ct jezdc\u016f postupuj\u00edc\u00edch z vylu\u010dovac\u00edch skupin a dvan\u00e1ct nasazen\u00fdch jezdc\u016f. Ti jsou nasazeni do \u010dty\u0159 skupin po \u0161esti jezdc\u00edch podle dan\u00e9ho postupov\u00e9ho kl\u00ed\u010de. V ka\u017ed\u00e9 \u010dtvrtfin\u00e1lov\u00e9 skupin\u011b se uskute\u010dn\u00ed t\u0159i j\u00edzdy. Jezdci m\u011bn\u00ed v jednotliv\u00fdch j\u00edzd\u00e1ch podle p\u0159edem dan\u00e9ho kl\u00ed\u010de startovn\u00ed pozice. Z ka\u017ed\u00e9 \u010dtvrtfin\u00e1lov\u00e9 skupiny postupuj\u00ed t\u0159i nejlep\u0161\u00ed jezdci do semifin\u00e1le.<\/p>\n<p>Do dvou semifin\u00e1lov\u00fdch skupin po \u0161esti jezdc\u00edch jsou rozd\u011bleni jezdci na z\u00e1klad\u011b v\u00fdsledk\u016f \u010dtvrtfin\u00e1lov\u00fdch skupin podle dan\u00e9ho postupov\u00e9ho kl\u00ed\u010de. V ka\u017ed\u00e9 semifin\u00e1lov\u00e9 skupin\u011b se uskute\u010dn\u00ed t\u0159i j\u00edzdy.<\/p>\n<p>Jezdci m\u011bn\u00ed v jednotliv\u00fdch j\u00edzd\u00e1ch podle p\u0159edem dan\u00e9ho kl\u00ed\u010de startovn\u00ed pozice. Jezdci na 1.-3. m\u00edst\u011b semifin\u00e1lov\u00e9 skupiny postupuj\u00ed do Fin\u00e1lov\u00e9 j\u00edzdy o 1.-6. m\u00edsto, jezdci na 4.-6. m\u00edst\u011b se z\u00fa\u010dastn\u00ed Fin\u00e1lov\u00e9 j\u00edzdy o 7.-12. m\u00edsto.<\/p>\n<p>Do celkov\u00e9 klasifikace v\u00fdsledk\u016f jednotliv\u00fdch skupin se zapo\u010d\u00edt\u00e1vaj\u00ed dva nejlep\u0161\u00ed dosa\u017een\u00e9 v\u00fdsledky ze t\u0159\u00ed j\u00edzd. V\u0161echny j\u00edzdy se uskute\u010dn\u00ed se \u0161esti jezdci na dr\u00e1ze v jedn\u00e9 j\u00edzd\u011b. Jezdec m\u016f\u017ee kteroukoli j\u00edzdu vynechat. Ve vylu\u010dovac\u00edch skupin\u00e1ch a ve \u010dtvrtfin\u00e1lov\u00e9 skupin\u011b za n\u011bho m\u016f\u017ee b\u00fdt postavena tra\u0165ov\u00e1 rezerva.<\/p>\n<p>P\u0159i rovnosti bod\u016f ve skupin\u00e1ch rozhoduje:<br \/>\n1) lep\u0161\u00ed v\u00fdsledek ze dvou posuzovan\u00fdch j\u00edzd<br \/>\n2) lep\u0161\u00ed t\u0159et\u00ed nezapo\u010d\u00edt\u00e1van\u00e1 j\u00edzda<br \/>\n3) lep\u0161\u00ed posledn\u00ed vz\u00e1jemn\u00fd souboj Fin\u00e1le z\u00e1vodu se uskute\u010dn\u00ed jako samostatn\u00e9 umis\u0165ovac\u00ed j\u00edzdy.<\/p>\n<p>Po\u0159ad\u00ed ve Fin\u00e1lov\u00fdch j\u00edzd\u00e1ch o 1.-12. m\u00edsto je celkov\u00e9m po\u0159ad\u00edm z\u00e1vodu.<\/p>\n<div id='gallery-1' class='gallery galleryid-24 gallery-columns-1 gallery-size-full'><figure class='gallery-item'>\n\t\t\t<div class='gallery-icon landscape'>\n\t\t\t\t<a href='https:\/\/www.zlataprilba.cz\/wp-content\/uploads\/2024\/09\/459292605_10225408341546567_8181967704696588392_n.jpg' rel=\"lightbox[24]\"><img loading=\"lazy\" decoding=\"async\" width=\"2048\" height=\"1175\" src=\"https:\/\/www.zlataprilba.cz\/wp-content\/uploads\/2024\/09\/459292605_10225408341546567_8181967704696588392_n.jpg\" class=\"attachment-full size-full\" alt=\"\" srcset=\"https:\/\/www.zlataprilba.cz\/wp-content\/uploads\/2024\/09\/459292605_10225408341546567_8181967704696588392_n.jpg 2048w, https:\/\/www.zlataprilba.cz\/wp-content\/uploads\/2024\/09\/459292605_10225408341546567_8181967704696588392_n-300x172.jpg 300w, https:\/\/www.zlataprilba.cz\/wp-content\/uploads\/2024\/09\/459292605_10225408341546567_8181967704696588392_n-1024x588.jpg 1024w, https:\/\/www.zlataprilba.cz\/wp-content\/uploads\/2024\/09\/459292605_10225408341546567_8181967704696588392_n-150x86.jpg 150w, https:\/\/www.zlataprilba.cz\/wp-content\/uploads\/2024\/09\/459292605_10225408341546567_8181967704696588392_n-768x441.jpg 768w, https:\/\/www.zlataprilba.cz\/wp-content\/uploads\/2024\/09\/459292605_10225408341546567_8181967704696588392_n-1536x881.jpg 1536w\" sizes=\"auto, (max-width: 2048px) 100vw, 2048px\" \/><\/a>\n\t\t\t<\/div><\/figure>\n\t\t<\/div>\n\n","protected":false},"excerpt":{"rendered":"<p>Jezdci jsou nasazeni do \u010dty\u0159 vylu\u010dovac\u00edch skupiny po \u0161esti jezdc\u00edch. V ka\u017ed\u00e9 vylu\u010dovac\u00ed skupin\u011b se uskute\u010dn\u00ed t\u0159i j\u00edzdy. Jezdci m\u011bn\u00ed v jednotliv\u00fdch j\u00edzd\u00e1ch podle p\u0159edem dan\u00e9ho kl\u00ed\u010de startovn\u00ed pozice. Z ka\u017ed\u00e9 vylu\u010dovac\u00ed skupiny postupuj\u00ed t\u0159i nejlep\u0161\u00ed jezdci. \u010ctvrtfin\u00e1lov\u00e9 skupiny tvo\u0159\u00ed<\/p>\n","protected":false},"author":1,"featured_media":0,"parent":0,"menu_order":0,"comment_status":"closed","ping_status":"open","template":"","meta":{"footnotes":""},"class_list":["post-24","page","type-page","status-publish","hentry"],"_links":{"self":[{"href":"https:\/\/www.zlataprilba.cz\/foogalerie\/wp-json\/wp\/v2\/pages\/24","targetHints":{"allow":["GET"]}}],"collection":[{"href":"https:\/\/www.zlataprilba.cz\/foogalerie\/wp-json\/wp\/v2\/pages"}],"about":[{"href":"https:\/\/www.zlataprilba.cz\/foogalerie\/wp-json\/wp\/v2\/types\/page"}],"author":[{"embeddable":true,"href":"https:\/\/www.zlataprilba.cz\/foogalerie\/wp-json\/wp\/v2\/users\/1"}],"replies":[{"embeddable":true,"href":"https:\/\/www.zlataprilba.cz\/foogalerie\/wp-json\/wp\/v2\/comments?post=24"}],"version-history":[{"count":0,"href":"https:\/\/www.zlataprilba.cz\/foogalerie\/wp-json\/wp\/v2\/pages\/24\/revisions"}],"wp:attachment":[{"href":"https:\/\/www.zlataprilba.cz\/foogalerie\/wp-json\/wp\/v2\/media?parent=24"}],"curies":[{"name":"wp","href":"https:\/\/api.w.org\/{rel}","templated":true}]}}