{"id":26,"date":"2013-04-22T21:28:07","date_gmt":"2013-04-22T19:28:07","guid":{"rendered":"http:\/\/wp.vyhny.cz\/?page_id=26"},"modified":"2025-12-28T16:41:40","modified_gmt":"2025-12-28T15:41:40","slug":"program-zavodu","status":"publish","type":"page","link":"https:\/\/www.zlataprilba.cz\/foogalerie\/program-zavodu\/","title":{"rendered":"Kalend\u00e1\u0159"},"content":{"rendered":"<div class=\"col\">\n<div id=\"center_col\">\n<div id=\"res\" class=\"med\" role=\"main\">\n<div id=\"search\">\n<div>\n<div id='gallery-1' class='gallery galleryid-26 gallery-columns-1 gallery-size-full'><figure class='gallery-item'>\n\t\t\t<div class='gallery-icon landscape'>\n\t\t\t\t<img loading=\"lazy\" decoding=\"async\" width=\"768\" height=\"58\" src=\"https:\/\/www.zlataprilba.cz\/wp-content\/uploads\/2025\/10\/RF.jpg\" class=\"attachment-full size-full\" alt=\"\" srcset=\"https:\/\/www.zlataprilba.cz\/wp-content\/uploads\/2025\/10\/RF.jpg 768w, https:\/\/www.zlataprilba.cz\/wp-content\/uploads\/2025\/10\/RF-300x23.jpg 300w, https:\/\/www.zlataprilba.cz\/wp-content\/uploads\/2025\/10\/RF-150x11.jpg 150w, https:\/\/www.zlataprilba.cz\/wp-content\/uploads\/2025\/10\/RF-750x58.jpg 750w\" sizes=\"auto, (max-width: 768px) 100vw, 768px\" \/>\n\t\t\t<\/div><\/figure>\n\t\t<\/div>\n\n<\/div>\n<div class=\"yuRUbf\"><h2 id=\"tablepress-6-name\" class=\"tablepress-table-name tablepress-table-name-id-6\"><\/h2>\n\n<table id=\"tablepress-6\" class=\"tablepress tablepress-id-6\" aria-labelledby=\"tablepress-6-name\">\n<tbody class=\"row-striping\">\n<tr class=\"row-1\">\n\t<td class=\"column-1\"><img loading=\"lazy\" decoding=\"async\" src=\"http:\/\/www.zlataprilba.cz\/wp-content\/uploads\/2017\/11\/ZP-300x206.png\" alt=\"\" width=\"25\" height=\"20\" class=\"alignnone size-medium wp-image-4710\" \/><\/td><td class=\"column-2\">St<\/td><td class=\"column-3\">15.04.<\/td><td class=\"column-4\">18:00<\/td><td class=\"column-5\">Extraliga dru\u017estev \u2714\ufe0f<\/td>\n<\/tr>\n<tr class=\"row-2\">\n\t<td class=\"column-1\"><img loading=\"lazy\" decoding=\"async\" src=\"http:\/\/www.zlataprilba.cz\/wp-content\/uploads\/2017\/11\/ZP-300x206.png\" alt=\"\" width=\"25\" height=\"20\" class=\"alignnone size-medium wp-image-4710\" \/><\/td><td class=\"column-2\">So<\/td><td class=\"column-3\">18.04.<\/td><td class=\"column-4\">15:00<\/td><td class=\"column-5\">FIM European Team Speedway Championship \/ Challenge\u2714\ufe0f<\/td>\n<\/tr>\n<tr class=\"row-3\">\n\t<td class=\"column-1\"><img loading=\"lazy\" decoding=\"async\" src=\"http:\/\/www.zlataprilba.cz\/wp-content\/uploads\/2017\/11\/ZP-300x206.png\" alt=\"\" width=\"25\" height=\"20\" class=\"alignnone size-medium wp-image-4710\" \/><\/td><td class=\"column-2\">St<\/td><td class=\"column-3\">13.05.<\/td><td class=\"column-4\">17:00<\/td><td class=\"column-5\">1. Liga dru\u017estev<\/td>\n<\/tr>\n<tr class=\"row-4\">\n\t<td class=\"column-1\"><img loading=\"lazy\" decoding=\"async\" src=\"http:\/\/www.zlataprilba.cz\/wp-content\/uploads\/2017\/11\/ZP-300x206.png\" alt=\"\" width=\"25\" height=\"20\" class=\"alignnone size-medium wp-image-4710\" \/><\/td><td class=\"column-2\">So<\/td><td class=\"column-3\">06.06.<\/td><td class=\"column-4\">15:00<\/td><td class=\"column-5\">FIM European U24 Team Speedway Championship \/ QR<\/td>\n<\/tr>\n<tr class=\"row-5\">\n\t<td class=\"column-1\"><img loading=\"lazy\" decoding=\"async\" src=\"http:\/\/www.zlataprilba.cz\/wp-content\/uploads\/2017\/11\/ZP-300x206.png\" alt=\"\" width=\"25\" height=\"20\" class=\"alignnone size-medium wp-image-4710\" \/><\/td><td class=\"column-2\">\u00dat<\/td><td class=\"column-3\">16.06.<\/td><td class=\"column-4\">18:00<\/td><td class=\"column-5\">FIM SGP3 World Championship Semi-Final -1<\/td>\n<\/tr>\n<tr class=\"row-6\">\n\t<td class=\"column-1\"><img loading=\"lazy\" decoding=\"async\" src=\"http:\/\/www.zlataprilba.cz\/wp-content\/uploads\/2017\/11\/ZP-300x206.png\" alt=\"\" width=\"25\" height=\"20\" class=\"alignnone size-medium wp-image-4710\" \/><\/td><td class=\"column-2\">St<\/td><td class=\"column-3\">17.06.<\/td><td class=\"column-4\">18:00<\/td><td class=\"column-5\">FIM SGP3 World Championship Semi-Final -2<\/td>\n<\/tr>\n<tr class=\"row-7\">\n\t<td class=\"column-1\"><img loading=\"lazy\" decoding=\"async\" src=\"http:\/\/www.zlataprilba.cz\/wp-content\/uploads\/2017\/11\/ZP-300x206.png\" alt=\"\" width=\"25\" height=\"20\" class=\"alignnone size-medium wp-image-4710\" \/><\/td><td class=\"column-2\">So<\/td><td class=\"column-3\">27.06.<\/td><td class=\"column-4\">15:00<\/td><td class=\"column-5\">FIM SGP2 World Championship Qualifying Meetings<\/td>\n<\/tr>\n<tr class=\"row-8\">\n\t<td class=\"column-1\"><img loading=\"lazy\" decoding=\"async\" src=\"http:\/\/www.zlataprilba.cz\/wp-content\/uploads\/2017\/11\/ZP-300x206.png\" alt=\"\" width=\"25\" height=\"20\" class=\"alignnone size-medium wp-image-4710\" \/><\/td><td class=\"column-2\">--<\/td><td class=\"column-3\">??.08.<\/td><td class=\"column-4\">--:--<\/td><td class=\"column-5\">Mezin\u00e1rodn\u00ed z\u00e1vod MACEC CUP<\/td>\n<\/tr>\n<tr class=\"row-9\">\n\t<td class=\"column-1\"><img loading=\"lazy\" decoding=\"async\" src=\"http:\/\/www.zlataprilba.cz\/wp-content\/uploads\/2017\/11\/ZP-300x206.png\" alt=\"\" width=\"25\" height=\"20\" class=\"alignnone size-medium wp-image-4710\" \/><\/td><td class=\"column-2\">P\u00e1<\/td><td class=\"column-3\">02.10.<\/td><td class=\"column-4\">--:--<\/td><td class=\"column-5\">Speedway Euro Championship - Final<\/td>\n<\/tr>\n<tr class=\"row-10\">\n\t<td class=\"column-1\"><img loading=\"lazy\" decoding=\"async\" src=\"http:\/\/www.zlataprilba.cz\/wp-content\/uploads\/2017\/11\/ZP-300x206.png\" alt=\"\" width=\"25\" height=\"20\" class=\"alignnone size-medium wp-image-4710\" \/><\/td><td class=\"column-2\">So<\/td><td class=\"column-3\">03.10.<\/td><td class=\"column-4\">--:--<\/td><td class=\"column-5\">FIM Flat Track World Championship <\/td>\n<\/tr>\n<tr class=\"row-11\">\n\t<td class=\"column-1\"><img loading=\"lazy\" decoding=\"async\" src=\"http:\/\/www.zlataprilba.cz\/wp-content\/uploads\/2017\/11\/ZP-300x206.png\" alt=\"\" width=\"25\" height=\"20\" class=\"alignnone size-medium wp-image-4710\" \/><\/td><td class=\"column-2\">So<\/td><td class=\"column-3\">03.10.<\/td><td class=\"column-4\">--:--<\/td><td class=\"column-5\">52. Zlat\u00e1 stuha junior\u016f <\/td>\n<\/tr>\n<tr class=\"row-12\">\n\t<td class=\"column-1\"><img loading=\"lazy\" decoding=\"async\" src=\"http:\/\/www.zlataprilba.cz\/wp-content\/uploads\/2017\/11\/ZP-300x206.png\" alt=\"\" width=\"25\" height=\"20\" class=\"alignnone size-medium wp-image-4710\" \/><\/td><td class=\"column-2\">Ne<\/td><td class=\"column-3\">04.10.<\/td><td class=\"column-4\">12:00<\/td><td class=\"column-5\">78. Zlat\u00e1 p\u0159ilba m\u011bsta      Pardubic<\/td>\n<\/tr>\n<\/tbody>\n<\/table>\n<!-- #tablepress-6 from cache --><\/div>\n<\/div>\n<\/div>\n<\/div>\n<\/div>\n<div><\/div>\n<div>\n<div id='gallery-2' class='gallery galleryid-26 gallery-columns-1 gallery-size-full'><figure class='gallery-item'>\n\t\t\t<div class='gallery-icon landscape'>\n\t\t\t\t<a href='https:\/\/www.zlataprilba.cz\/wp-content\/uploads\/2025\/12\/2026-1.jpg' rel=\"lightbox[26]\"><img loading=\"lazy\" decoding=\"async\" width=\"1500\" height=\"599\" src=\"https:\/\/www.zlataprilba.cz\/wp-content\/uploads\/2025\/12\/2026-1.jpg\" class=\"attachment-full size-full\" alt=\"\" srcset=\"https:\/\/www.zlataprilba.cz\/wp-content\/uploads\/2025\/12\/2026-1.jpg 1500w, https:\/\/www.zlataprilba.cz\/wp-content\/uploads\/2025\/12\/2026-1-300x120.jpg 300w, https:\/\/www.zlataprilba.cz\/wp-content\/uploads\/2025\/12\/2026-1-1024x409.jpg 1024w, https:\/\/www.zlataprilba.cz\/wp-content\/uploads\/2025\/12\/2026-1-150x60.jpg 150w, https:\/\/www.zlataprilba.cz\/wp-content\/uploads\/2025\/12\/2026-1-768x307.jpg 768w\" sizes=\"auto, (max-width: 1500px) 100vw, 1500px\" \/><\/a>\n\t\t\t<\/div><\/figure>\n\t\t<\/div>\n\n<\/div>\n<div><\/div>\n","protected":false},"excerpt":{"rendered":"","protected":false},"author":1,"featured_media":0,"parent":0,"menu_order":0,"comment_status":"closed","ping_status":"open","template":"","meta":{"footnotes":""},"class_list":["post-26","page","type-page","status-publish","hentry"],"_links":{"self":[{"href":"https:\/\/www.zlataprilba.cz\/foogalerie\/wp-json\/wp\/v2\/pages\/26","targetHints":{"allow":["GET"]}}],"collection":[{"href":"https:\/\/www.zlataprilba.cz\/foogalerie\/wp-json\/wp\/v2\/pages"}],"about":[{"href":"https:\/\/www.zlataprilba.cz\/foogalerie\/wp-json\/wp\/v2\/types\/page"}],"author":[{"embeddable":true,"href":"https:\/\/www.zlataprilba.cz\/foogalerie\/wp-json\/wp\/v2\/users\/1"}],"replies":[{"embeddable":true,"href":"https:\/\/www.zlataprilba.cz\/foogalerie\/wp-json\/wp\/v2\/comments?post=26"}],"version-history":[{"count":0,"href":"https:\/\/www.zlataprilba.cz\/foogalerie\/wp-json\/wp\/v2\/pages\/26\/revisions"}],"wp:attachment":[{"href":"https:\/\/www.zlataprilba.cz\/foogalerie\/wp-json\/wp\/v2\/media?parent=26"}],"curies":[{"name":"wp","href":"https:\/\/api.w.org\/{rel}","templated":true}]}}