{"id":29,"date":"2013-04-22T21:29:14","date_gmt":"2013-04-22T20:29:14","guid":{"rendered":"http:\/\/wp.vyhny.cz\/?page_id=29"},"modified":"2022-01-01T06:53:47","modified_gmt":"2022-01-01T05:53:47","slug":"kudy-k-nam","status":"publish","type":"page","link":"https:\/\/www.zlataprilba.cz\/foogalerie\/kudy-k-nam\/","title":{"rendered":"Kudy k n\u00e1m"},"content":{"rendered":"<p><iframe loading=\"lazy\" style=\"border: 0;\" src=\"https:\/\/www.google.com\/maps\/embed?pb=!1m18!1m12!1m3!1d3625.17841868908!2d15.720273110001854!3d50.02282052548834!2m3!1f0!2f0!3f0!3m2!1i1024!2i768!4f13.1!3m3!1m2!1s0x470dcc95ae5587cd%3A0x2d8f2f6ba4f46e24!2sAutomotoklub+Zlat%C3%A1+p%C5%99ilba!5e0!3m2!1scs!2scz!4v1472058037584\" width=\"600\" height=\"450\" frameborder=\"0\" allowfullscreen=\"allowfullscreen\"><\/iframe><\/p>\n<p style=\"text-align: center;\"><span style=\"color: #993300;\"><strong>GPS (Tot\u00e9\u017e m\u00edsto, r\u016fzn\u00e9 zp\u016fsoby z\u00e1pisu pro va\u0161i navigaci):<\/strong><\/span><\/p>\n<p style=\"text-align: center;\"><strong>50\u00b01&#8217;23.344&#8243; N, 15\u00b043&#8217;3.706&#8243; E<\/strong><\/p>\n<p style=\"text-align: center;\"><strong>N 50\u00b01.38907&#8242;, E 15\u00b043.06177&#8242;<\/strong><\/p>\n<p style=\"text-align: center;\"><strong>50.0231511 N, 15.7176961 E<\/strong><\/p>\n<p style=\"text-align: left;\"><span style=\"text-decoration: underline; color: #993300;\"><strong>Popis cesty:<\/strong><\/span><\/p>\n<p style=\"text-align: justify;\">P\u0159i j\u00edzd\u011b automobilem na trase Praha &#8211; Pardubice m\u016f\u017eete do Pardubic p\u0159ijet trasou p\u0159es P\u0159elou\u010d a nebo p\u0159es L\u00e1zn\u011b Bohdane\u010d.<\/p>\n<p style=\"text-align: justify;\">V prn\u00edm p\u0159\u00edpad\u011b se plochodr\u00e1\u017en\u00ed stadion nach\u00e1z\u00ed je\u0161t\u011b p\u0159ed Pardubicemi a z hlavn\u00edho tahu odbo\u010d\u00edte vlevo na obec Srnojedy. Plochodr\u00e1\u017en\u00ed stadion se nach\u00e1z\u00ed po n\u011bkolika stovk\u00e1ch metr\u016f po prav\u00e9 stran\u011b p\u0159\u00edmo u silnice.<\/p>\n<p style=\"text-align: justify;\">V druh\u00e9m p\u0159\u00edpad\u011b doporu\u010dujme p\u0159i vjezdu do Pardubic odbo\u010dit na obchvat m\u011bsta. P\u0159i vjet\u00ed do obce Pardubice odbo\u010dte vpravo sm\u011br Chrudim, pokra\u010dujte po obchvatu sm\u011br Chrudim. Jakmile zastav\u00edte na semaforu, odbo\u010dte vlevo a po 100 m odbo\u010dte na most, sm\u011br P\u0159elou\u010d. Po prav\u00e9 stran\u011b budete m\u00edjet Paramo a po lev\u00e9 stran\u011b dostihov\u00e9 z\u00e1vodi\u0161t\u011b. Pokra\u010dujte po hlavn\u00ed silinici a\u017e za obec a obo\u010dte vpravo sm\u011br obec Srnojedy. Plochodr\u00e1\u017en\u00ed stadion se nach\u00e1z\u00ed po n\u011bkolika stovk\u00e1ch metr\u016f po prav\u00e9 stran\u011b p\u0159\u00edmo u silnice.<\/p>\n","protected":false},"excerpt":{"rendered":"<p>GPS (Tot\u00e9\u017e m\u00edsto, r\u016fzn\u00e9 zp\u016fsoby z\u00e1pisu pro va\u0161i navigaci): 50\u00b01&#8217;23.344&#8243; N, 15\u00b043&#8217;3.706&#8243; E N 50\u00b01.38907&#8242;, E 15\u00b043.06177&#8242; 50.0231511 N, 15.7176961 E Popis cesty: P\u0159i j\u00edzd\u011b automobilem na trase Praha &#8211; Pardubice m\u016f\u017eete do Pardubic p\u0159ijet trasou p\u0159es P\u0159elou\u010d a nebo<\/p>\n","protected":false},"author":1,"featured_media":0,"parent":0,"menu_order":0,"comment_status":"closed","ping_status":"closed","template":"","meta":{"footnotes":""},"class_list":["post-29","page","type-page","status-publish","hentry"],"_links":{"self":[{"href":"https:\/\/www.zlataprilba.cz\/foogalerie\/wp-json\/wp\/v2\/pages\/29","targetHints":{"allow":["GET"]}}],"collection":[{"href":"https:\/\/www.zlataprilba.cz\/foogalerie\/wp-json\/wp\/v2\/pages"}],"about":[{"href":"https:\/\/www.zlataprilba.cz\/foogalerie\/wp-json\/wp\/v2\/types\/page"}],"author":[{"embeddable":true,"href":"https:\/\/www.zlataprilba.cz\/foogalerie\/wp-json\/wp\/v2\/users\/1"}],"replies":[{"embeddable":true,"href":"https:\/\/www.zlataprilba.cz\/foogalerie\/wp-json\/wp\/v2\/comments?post=29"}],"version-history":[{"count":0,"href":"https:\/\/www.zlataprilba.cz\/foogalerie\/wp-json\/wp\/v2\/pages\/29\/revisions"}],"wp:attachment":[{"href":"https:\/\/www.zlataprilba.cz\/foogalerie\/wp-json\/wp\/v2\/media?parent=29"}],"curies":[{"name":"wp","href":"https:\/\/api.w.org\/{rel}","templated":true}]}}