{"id":35,"date":"2013-04-22T21:40:11","date_gmt":"2013-04-22T19:40:11","guid":{"rendered":"http:\/\/wp.vyhny.cz\/?page_id=35"},"modified":"2025-10-18T16:10:11","modified_gmt":"2025-10-18T15:10:11","slug":"kontakt","status":"publish","type":"page","link":"https:\/\/www.zlataprilba.cz\/foogalerie\/kontakt\/","title":{"rendered":"Kontakt"},"content":{"rendered":"<p>&nbsp;<\/p>\n<p><span style=\"text-decoration: underline;\"><span style=\"color: #993300;\"><strong>Zlat\u00e1 p\u0159ilba Pardubice <\/strong><\/span><\/span><img loading=\"lazy\" decoding=\"async\" class=\"alignright wp-image-4230\" src=\"http:\/\/www.zlataprilba.cz\/wp-content\/uploads\/2017\/10\/ZP1-e1507052160278-300x204.png\" alt=\"\" width=\"356\" height=\"242\" srcset=\"https:\/\/www.zlataprilba.cz\/wp-content\/uploads\/2017\/10\/ZP1-e1507052160278-300x204.png 300w, https:\/\/www.zlataprilba.cz\/wp-content\/uploads\/2017\/10\/ZP1-e1507052160278-150x102.png 150w, https:\/\/www.zlataprilba.cz\/wp-content\/uploads\/2017\/10\/ZP1-e1507052160278-768x523.png 768w, https:\/\/www.zlataprilba.cz\/wp-content\/uploads\/2017\/10\/ZP1-e1507052160278-500x340.png 500w, https:\/\/www.zlataprilba.cz\/wp-content\/uploads\/2017\/10\/ZP1-e1507052160278.png 779w\" sizes=\"auto, (max-width: 356px) 100vw, 356px\" \/><br \/>\nul. Motorist\u016f 300<br \/>\n530 06, Pardubice &#8211; Sv\u00edtkov<br \/>\n\ud83c\udde8\ud83c\uddff \u010cesk\u00e1 republika (CZ)<br \/>\n<strong>i\u010do:<\/strong> 42939097<br \/>\n<strong>tel:<\/strong> (+420) 466 303 628<br \/>\n<strong>fax:<\/strong> (+420) 466 303 351<\/p>\n<p><strong><span class=\"_3gl1 _5zz4\" data-offset-key=\"7466p-2-0\"><span class=\"_ncl\">\ud83d\udcbb<\/span><\/span> web:<\/strong> <a href=\"http:\/\/www.zlataprilba.cz\" target=\"_blank\" rel=\"noopener noreferrer\"><span style=\"color: #993300;\"><strong>www.zlataprilba.cz<\/strong><\/span><br \/>\n<\/a><strong><span class=\"_3gl1 _5zz4\" data-offset-key=\"7466p-0-0\"><span class=\"_ncl\">\ud83d\udce7<\/span><\/span> e-mail:<\/strong> <a href=\"mailto:amk.zp@wo.cz\" target=\"_blank\" rel=\"noopener noreferrer\"><strong><span style=\"color: #993300;\">amk.zp@wo.cz<\/span><\/strong><\/a><\/p>\n<p><strong><span style=\"color: #333333;\">Facebook:<\/span> <a href=\"https:\/\/www.facebook.com\/zppce\/\"><span style=\"color: #993300;\">zppce<\/span><\/a><br \/>\n<\/strong><span style=\"color: #333333;\"><strong> Instagram<\/strong><\/span><strong><span style=\"color: #333333;\">:<\/span> <a href=\"https:\/\/www.instagram.com\/zlataprilbapardubice\/\"><span style=\"color: #993300;\">zlataprilbapardubice<\/span><\/a><\/strong><br \/>\n<strong><span style=\"color: #333333;\">Twitter:<\/span> <span class=\"DashboardProfileCard-screenname u-inlineBlock u-dir\" dir=\"ltr\"><span class=\"username u-dir\" dir=\"ltr\"><span style=\"color: #993300;\"><a style=\"color: #993300;\" href=\"https:\/\/twitter.com\/amk_zp\">amk_zp<\/a><\/span><\/span><\/span><span class=\"DashboardProfileCard-screenname u-inlineBlock u-dir\" dir=\"ltr\"><span class=\"username u-dir\" dir=\"ltr\"><b class=\"u-linkComplex-target\"><span style=\"color: #993300;\"><br \/>\n<\/span><\/b><\/span><\/span><span class=\"DashboardProfileCard-screenname u-inlineBlock u-dir\" dir=\"ltr\"><span class=\"username u-dir\" dir=\"ltr\"><span style=\"color: #993300;\"><span style=\"color: #333333;\">YouTube: <\/span><\/span><\/span><\/span><span class=\"DashboardProfileCard-screenname u-inlineBlock u-dir\" dir=\"ltr\"><span class=\"username u-dir\" dir=\"ltr\"><span style=\"color: #993300;\"><a href=\"https:\/\/www.youtube.com\/channel\/UC2MW7ax7kMJl9avGG2xr66g?view_as=subscriber\"><span style=\"color: #993300;\">amk zlata prilba pardubice<\/span><\/a><\/span><\/span><\/span><\/strong><\/p>\n<p><strong>\u00a0<\/strong><\/p>\n","protected":false},"excerpt":{"rendered":"<p>&nbsp; Zlat\u00e1 p\u0159ilba Pardubice ul. Motorist\u016f 300 530 06, Pardubice &#8211; Sv\u00edtkov \ud83c\udde8\ud83c\uddff \u010cesk\u00e1 republika (CZ) i\u010do: 42939097 tel: (+420) 466 303 628 fax: (+420) 466 303 351 \ud83d\udcbb web: www.zlataprilba.cz \ud83d\udce7 e-mail: amk.zp@wo.cz Facebook: zppce Instagram: zlataprilbapardubice Twitter: amk_zp<\/p>\n","protected":false},"author":1,"featured_media":0,"parent":0,"menu_order":0,"comment_status":"closed","ping_status":"open","template":"page-templates\/contact.php","meta":{"footnotes":""},"class_list":["post-35","page","type-page","status-publish","hentry"],"_links":{"self":[{"href":"https:\/\/www.zlataprilba.cz\/foogalerie\/wp-json\/wp\/v2\/pages\/35","targetHints":{"allow":["GET"]}}],"collection":[{"href":"https:\/\/www.zlataprilba.cz\/foogalerie\/wp-json\/wp\/v2\/pages"}],"about":[{"href":"https:\/\/www.zlataprilba.cz\/foogalerie\/wp-json\/wp\/v2\/types\/page"}],"author":[{"embeddable":true,"href":"https:\/\/www.zlataprilba.cz\/foogalerie\/wp-json\/wp\/v2\/users\/1"}],"replies":[{"embeddable":true,"href":"https:\/\/www.zlataprilba.cz\/foogalerie\/wp-json\/wp\/v2\/comments?post=35"}],"version-history":[{"count":0,"href":"https:\/\/www.zlataprilba.cz\/foogalerie\/wp-json\/wp\/v2\/pages\/35\/revisions"}],"wp:attachment":[{"href":"https:\/\/www.zlataprilba.cz\/foogalerie\/wp-json\/wp\/v2\/media?parent=35"}],"curies":[{"name":"wp","href":"https:\/\/api.w.org\/{rel}","templated":true}]}}