{"id":361,"date":"2013-08-30T22:38:04","date_gmt":"2013-08-30T20:38:04","guid":{"rendered":"http:\/\/www.zlataprilba.cz\/?page_id=361"},"modified":"2026-03-27T09:01:33","modified_gmt":"2026-03-27T08:01:33","slug":"press","status":"publish","type":"page","link":"https:\/\/www.zlataprilba.cz\/foogalerie\/press\/","title":{"rendered":"Press"},"content":{"rendered":"<p>Accreditation form on FIM European Team Speedway Championship \/ Challenge<\/p>\n<p>18.04.2026<\/p>\n\n<div class=\"wpcf7 no-js\" id=\"wpcf7-f23321-o1\" lang=\"cs-CZ\" dir=\"ltr\" data-wpcf7-id=\"23321\">\n<div class=\"screen-reader-response\"><p role=\"status\" aria-live=\"polite\" aria-atomic=\"true\"><\/p> <ul><\/ul><\/div>\n<form action=\"\/foogalerie\/wp-json\/wp\/v2\/pages\/361#wpcf7-f23321-o1\" method=\"post\" class=\"wpcf7-form init\" aria-label=\"Kontaktn\u00ed formul\u00e1\u0159\" enctype=\"multipart\/form-data\" novalidate=\"novalidate\" data-status=\"init\">\n<div style=\"display: none;\">\n<input type=\"hidden\" name=\"_wpcf7\" value=\"23321\" \/>\n<input type=\"hidden\" name=\"_wpcf7_version\" value=\"6.0.6\" \/>\n<input type=\"hidden\" name=\"_wpcf7_locale\" value=\"cs_CZ\" \/>\n<input type=\"hidden\" name=\"_wpcf7_unit_tag\" value=\"wpcf7-f23321-o1\" \/>\n<input type=\"hidden\" name=\"_wpcf7_container_post\" value=\"0\" \/>\n<input type=\"hidden\" name=\"_wpcf7_posted_data_hash\" value=\"\" \/>\n<\/div>\n<p>Type of accreditation:<br \/>\n<span class=\"wpcf7-form-control-wrap\" data-name=\"typ\"><select class=\"wpcf7-form-control wpcf7-select wpcf7-validates-as-required\" aria-required=\"true\" aria-invalid=\"false\" name=\"typ\"><option value=\"Writing journalist\">Writing journalist<\/option><option value=\"Photographer\">Photographer<\/option><option value=\"Radio reporter\">Radio reporter<\/option><\/select><\/span>\n<\/p>\n<p><label> Your surname*:<br \/>\n<span class=\"wpcf7-form-control-wrap\" data-name=\"osoba-prijmeni\"><input size=\"40\" maxlength=\"400\" class=\"wpcf7-form-control wpcf7-text wpcf7-validates-as-required\" aria-required=\"true\" aria-invalid=\"false\" value=\"\" type=\"text\" name=\"osoba-prijmeni\" \/><\/span> <\/label>\n<\/p>\n<p><label> Your name*:<br \/>\n<span class=\"wpcf7-form-control-wrap\" data-name=\"osoba-jmeno\"><input size=\"40\" maxlength=\"400\" class=\"wpcf7-form-control wpcf7-text wpcf7-validates-as-required\" aria-required=\"true\" aria-invalid=\"false\" value=\"\" type=\"text\" name=\"osoba-jmeno\" \/><\/span> <\/label>\n<\/p>\n<p><label> Your e-mail*:<br \/>\n<span class=\"wpcf7-form-control-wrap\" data-name=\"osoba-email\"><input size=\"40\" maxlength=\"400\" class=\"wpcf7-form-control wpcf7-email wpcf7-validates-as-required wpcf7-text wpcf7-validates-as-email\" aria-required=\"true\" aria-invalid=\"false\" value=\"\" type=\"email\" name=\"osoba-email\" \/><\/span> <\/label>\n<\/p>\n<p><label> Your phone-number*:<br \/>\n<span class=\"wpcf7-form-control-wrap\" data-name=\"osoba-telefon\"><input size=\"40\" maxlength=\"400\" class=\"wpcf7-form-control wpcf7-text wpcf7-validates-as-required\" aria-required=\"true\" aria-invalid=\"false\" value=\"\" type=\"text\" name=\"osoba-telefon\" \/><\/span> <\/label>\n<\/p>\n<p><label><br \/>\nPlace of residence*:<br \/>\n<span class=\"wpcf7-form-control-wrap\" data-name=\"osoba-bydliste\"><input size=\"40\" maxlength=\"400\" class=\"wpcf7-form-control wpcf7-text wpcf7-validates-as-required\" aria-required=\"true\" aria-invalid=\"false\" value=\"\" type=\"text\" name=\"osoba-bydliste\" \/><\/span> <\/label>\n<\/p>\n<p><label> Redaction*:<br \/>\n<span class=\"wpcf7-form-control-wrap\" data-name=\"redakce\"><input size=\"40\" maxlength=\"400\" class=\"wpcf7-form-control wpcf7-text wpcf7-validates-as-required\" aria-required=\"true\" aria-invalid=\"false\" value=\"\" type=\"text\" name=\"redakce\" \/><\/span> <\/label>\n<\/p>\n<p><label> Name of editor in chief*:<br \/>\n<span class=\"wpcf7-form-control-wrap\" data-name=\"redaktor\"><input size=\"40\" maxlength=\"400\" class=\"wpcf7-form-control wpcf7-text wpcf7-validates-as-required\" aria-required=\"true\" aria-invalid=\"false\" value=\"\" type=\"text\" name=\"redaktor\" \/><\/span> <\/label>\n<\/p>\n<p><label> E-mail of editor in chief*:<br \/>\n<span class=\"wpcf7-form-control-wrap\" data-name=\"redaktor-email\"><input size=\"40\" maxlength=\"400\" class=\"wpcf7-form-control wpcf7-email wpcf7-validates-as-required wpcf7-text wpcf7-validates-as-email\" aria-required=\"true\" aria-invalid=\"false\" value=\"\" type=\"email\" name=\"redaktor-email\" \/><\/span> <\/label>\n<\/p>\n<p><label> Copy of Press Card (Max. 5 MB)*:<br \/>\n<span class=\"wpcf7-form-control-wrap\" data-name=\"osoba-prukaz\"><input size=\"40\" class=\"wpcf7-form-control wpcf7-file wpcf7-validates-as-required\" accept=\"audio\/*,video\/*,image\/*\" aria-required=\"true\" aria-invalid=\"false\" type=\"file\" name=\"osoba-prukaz\" \/><\/span> <\/label>\n<\/p>\n<p><label> Note for us?:<br \/>\n<span class=\"wpcf7-form-control-wrap\" data-name=\"zprava\"><textarea cols=\"40\" rows=\"10\" maxlength=\"2000\" class=\"wpcf7-form-control wpcf7-textarea\" aria-invalid=\"false\" name=\"zprava\"><\/textarea><\/span> <\/label>\n<\/p>\n<p>Starred items are required.\n<\/p>\n<p><input class=\"wpcf7-form-control wpcf7-submit has-spinner\" type=\"submit\" value=\"Submit\" \/>\n<\/p><div class=\"wpcf7-response-output\" aria-hidden=\"true\"><\/div>\n<\/form>\n<\/div>\n\n","protected":false},"excerpt":{"rendered":"<p>Accreditation form on FIM European Team Speedway Championship \/ Challenge 18.04.2026<\/p>\n","protected":false},"author":1,"featured_media":0,"parent":0,"menu_order":0,"comment_status":"closed","ping_status":"closed","template":"","meta":{"footnotes":""},"class_list":["post-361","page","type-page","status-publish","hentry"],"_links":{"self":[{"href":"https:\/\/www.zlataprilba.cz\/foogalerie\/wp-json\/wp\/v2\/pages\/361","targetHints":{"allow":["GET"]}}],"collection":[{"href":"https:\/\/www.zlataprilba.cz\/foogalerie\/wp-json\/wp\/v2\/pages"}],"about":[{"href":"https:\/\/www.zlataprilba.cz\/foogalerie\/wp-json\/wp\/v2\/types\/page"}],"author":[{"embeddable":true,"href":"https:\/\/www.zlataprilba.cz\/foogalerie\/wp-json\/wp\/v2\/users\/1"}],"replies":[{"embeddable":true,"href":"https:\/\/www.zlataprilba.cz\/foogalerie\/wp-json\/wp\/v2\/comments?post=361"}],"version-history":[{"count":0,"href":"https:\/\/www.zlataprilba.cz\/foogalerie\/wp-json\/wp\/v2\/pages\/361\/revisions"}],"wp:attachment":[{"href":"https:\/\/www.zlataprilba.cz\/foogalerie\/wp-json\/wp\/v2\/media?parent=361"}],"curies":[{"name":"wp","href":"https:\/\/api.w.org\/{rel}","templated":true}]}}