{"id":44,"date":"2013-04-22T21:45:32","date_gmt":"2013-04-22T19:45:32","guid":{"rendered":"http:\/\/wp.vyhny.cz\/?page_id=44"},"modified":"2017-11-01T07:59:39","modified_gmt":"2017-11-01T06:59:39","slug":"historie-vitezu-zs","status":"publish","type":"page","link":"https:\/\/www.zlataprilba.cz\/foogalerie\/historie-vitezu-zs\/","title":{"rendered":"Historie v\u00edt\u011bz\u016f Zlat\u00e1 stuha"},"content":{"rendered":"\n<table id=\"tablepress-14\" class=\"tablepress tablepress-id-14\">\n<tbody class=\"row-striping\">\n<tr class=\"row-1\">\n\t<td class=\"column-1\">51.<\/td><td class=\"column-2\">2025<\/td><td class=\"column-3\">Mario H\u00e4usl<\/td><td class=\"column-4\">N\u011bmecko<\/td><td class=\"column-5\">\ud83c\udde9\ud83c\uddea<\/td>\n<\/tr>\n<tr class=\"row-2\">\n\t<td class=\"column-1\">50.<\/td><td class=\"column-2\"><strong><strong><font color=\"SaddleBrown\">2024<\/font><\/strong><\/td><td class=\"column-3\"><strong><strong><font color=\"SaddleBrown\">ADAM BUBBA BEDN\u00c1\u0158<\/td><td class=\"column-4\">\u010cesk\u00e1 republika<\/td><td class=\"column-5\">\ud83c\udde8\ud83c\uddff<\/td>\n<\/tr>\n<tr class=\"row-3\">\n\t<td class=\"column-1\">49.<\/td><td class=\"column-2\"><strong><strong><font color=\"SaddleBrown\">2023<\/font><\/strong><\/td><td class=\"column-3\"><strong><strong><font color=\"SaddleBrown\">DANIEL KL\u00cdMA<\/font><\/strong><\/td><td class=\"column-4\">\u010cesk\u00e1 republika<\/td><td class=\"column-5\">\ud83c\udde8\ud83c\uddff<\/td>\n<\/tr>\n<tr class=\"row-4\">\n\t<td class=\"column-1\">48.<\/td><td class=\"column-2\">2022<\/td><td class=\"column-3\">Norick Bl\u00f6dorn<\/td><td class=\"column-4\">N\u011bmecko<\/td><td class=\"column-5\">\ud83c\udde9\ud83c\uddea<\/td>\n<\/tr>\n<tr class=\"row-5\">\n\t<td class=\"column-1\">47.<\/td><td class=\"column-2\">2021<\/td><td class=\"column-3\">Mateusz \u015awidnicki<\/td><td class=\"column-4\">Polsko<\/td><td class=\"column-5\">\ud83c\uddf5\ud83c\uddf1<\/td>\n<\/tr>\n<tr class=\"row-6\">\n\t<td class=\"column-1\">46.<\/td><td class=\"column-2\">2020<\/td><td class=\"column-3\">Jakub Mi\u015bkowiak<\/td><td class=\"column-4\">Polsko<\/td><td class=\"column-5\">\ud83c\uddf5\ud83c\uddf1<\/td>\n<\/tr>\n<tr class=\"row-7\">\n\t<td class=\"column-1\">45.<\/td><td class=\"column-2\">2019<\/td><td class=\"column-3\">Mateusz Bartkowiak<\/td><td class=\"column-4\">Polsko<\/td><td class=\"column-5\">\ud83c\uddf5\ud83c\uddf1<\/td>\n<\/tr>\n<tr class=\"row-8\">\n\t<td class=\"column-1\">44.<\/td><td class=\"column-2\">2018<\/td><td class=\"column-3\">Patrick Hansen<\/td><td class=\"column-4\">D\u00e1nsko<\/td><td class=\"column-5\">\ud83c\udde9\ud83c\uddf0\ufe0f<\/td>\n<\/tr>\n<tr class=\"row-9\">\n\t<td class=\"column-1\">43.<\/td><td class=\"column-2\"><strong><strong><font color=\"SaddleBrown\">2017<\/font><\/strong><\/td><td class=\"column-3\"><strong><strong><font color=\"SaddleBrown\">EDUARD KR\u010cM\u00c1\u0158<\/font><\/strong><\/td><td class=\"column-4\">\u010cesk\u00e1 republika <\/td><td class=\"column-5\">\ud83c\udde8\ud83c\uddff<\/td>\n<\/tr>\n<tr class=\"row-10\">\n\t<td class=\"column-1\">42.<\/td><td class=\"column-2\">2016<\/td><td class=\"column-3\">Frederik Jakobsen<\/td><td class=\"column-4\">D\u00e1nsko<\/td><td class=\"column-5\">\ud83c\udde9\ud83c\uddf0\ufe0f<\/td>\n<\/tr>\n<tr class=\"row-11\">\n\t<td class=\"column-1\">41.<\/td><td class=\"column-2\">2015<\/td><td class=\"column-3\">Max Fricke<\/td><td class=\"column-4\">Austr\u00e1lie<\/td><td class=\"column-5\">\ud83c\udde6\ud83c\uddfa\ufe0f\ufe0f<\/td>\n<\/tr>\n<tr class=\"row-12\">\n\t<td class=\"column-1\">40.<\/td><td class=\"column-2\">2014<\/td><td class=\"column-3\">Krystian Pieszcek<\/td><td class=\"column-4\">Polsko <\/td><td class=\"column-5\">\ud83c\uddf5\ud83c\uddf1<\/td>\n<\/tr>\n<tr class=\"row-13\">\n\t<td class=\"column-1\">39.<\/td><td class=\"column-2\">2013<\/td><td class=\"column-3\">Timo Lahti<\/td><td class=\"column-4\">Finsko<\/td><td class=\"column-5\">\ud83c\uddeb\ud83c\uddee<\/td>\n<\/tr>\n<tr class=\"row-14\">\n\t<td class=\"column-1\">38.<\/td><td class=\"column-2\">2012<\/td><td class=\"column-3\">Pontus Aspgren<\/td><td class=\"column-4\">\u0160v\u00e9dsko<\/td><td class=\"column-5\">\ud83c\uddf8\ud83c\uddea<\/td>\n<\/tr>\n<tr class=\"row-15\">\n\t<td class=\"column-1\">37.<\/td><td class=\"column-2\">2011<\/td><td class=\"column-3\">Tai Woffinden<\/td><td class=\"column-4\">Velk\u00e1 Brit\u00e1nie<\/td><td class=\"column-5\">\ud83c\uddec\ud83c\udde7\ufe0f\ufe0f\ufe0f\ufe0f<\/td>\n<\/tr>\n<tr class=\"row-16\">\n\t<td class=\"column-1\">36.<\/td><td class=\"column-2\">2010<\/td><td class=\"column-3\">Maxims Bogdanovs \t<\/td><td class=\"column-4\">Loty\u0161sko<\/td><td class=\"column-5\">\ud83c\uddf1\ud83c\uddfb<\/td>\n<\/tr>\n<tr class=\"row-17\">\n\t<td class=\"column-1\">35.<\/td><td class=\"column-2\"><strong><strong><font color=\"SaddleBrown\">2009<\/font><\/strong><\/td><td class=\"column-3\"><strong><strong><font color=\"SaddleBrown\">MAT\u011aJ K\u016eS<\/font><\/strong><\/td><td class=\"column-4\">\u010cesk\u00e1 republika <\/td><td class=\"column-5\">\ud83c\udde8\ud83c\uddff<\/td>\n<\/tr>\n<tr class=\"row-18\">\n\t<td class=\"column-1\">34.<\/td><td class=\"column-2\">2008<\/td><td class=\"column-3\">Martin Vacul\u00edk<\/td><td class=\"column-4\">Slovensko<\/td><td class=\"column-5\">\ud83c\uddf8\ud83c\uddf0\ufe0f<\/td>\n<\/tr>\n<tr class=\"row-19\">\n\t<td class=\"column-1\">33.<\/td><td class=\"column-2\"><strong><strong><font color=\"SaddleBrown\">2007<\/font><\/strong><\/td><td class=\"column-3\"><strong><strong><font color=\"SaddleBrown\">FILIP \u0160ITERA<\/font><\/strong><\/td><td class=\"column-4\">\u010cesk\u00e1 republika<\/td><td class=\"column-5\">\ud83c\udde8\ud83c\uddff<\/td>\n<\/tr>\n<tr class=\"row-20\">\n\t<td class=\"column-1\">32.<\/td><td class=\"column-2\">2006<\/td><td class=\"column-3\">Christ. Hefenbrock<\/td><td class=\"column-4\">N\u011bmecko<\/td><td class=\"column-5\">\ud83c\udde9\ud83c\uddea<\/td>\n<\/tr>\n<tr class=\"row-21\">\n\t<td class=\"column-1\">31.<\/td><td class=\"column-2\"><strong><strong><font color=\"SaddleBrown\">2005<\/font><\/strong><\/td><td class=\"column-3\"><strong><strong><font color=\"SaddleBrown\">TOM\u00c1\u0160 SUCH\u00c1NEK<\/font><\/strong><\/td><td class=\"column-4\">\u010cesk\u00e1 republika<\/td><td class=\"column-5\">\ud83c\udde8\ud83c\uddff<\/td>\n<\/tr>\n<tr class=\"row-22\">\n\t<td class=\"column-1\">30.<\/td><td class=\"column-2\">2004<\/td><td class=\"column-3\">Kenneth Bjerre<\/td><td class=\"column-4\">D\u00e1nsko<\/td><td class=\"column-5\">\ud83c\udde9\ud83c\uddf0<\/td>\n<\/tr>\n<tr class=\"row-23\">\n\t<td class=\"column-1\">29.<\/td><td class=\"column-2\">2003<\/td><td class=\"column-3\">Peter Ljung<\/td><td class=\"column-4\">\u0160v\u00e9dsko<\/td><td class=\"column-5\">\ud83c\uddf8\ud83c\uddea<\/td>\n<\/tr>\n<tr class=\"row-24\">\n\t<td class=\"column-1\">28.<\/td><td class=\"column-2\">2002<\/td><td class=\"column-3\">Daniel Davidsson<\/td><td class=\"column-4\">\u0160v\u00e9dsko<\/td><td class=\"column-5\">\ud83c\uddf8\ud83c\uddea<\/td>\n<\/tr>\n<tr class=\"row-25\">\n\t<td class=\"column-1\">27.<\/td><td class=\"column-2\"><strong><strong><font color=\"SaddleBrown\">2001<\/font><\/strong><\/td><td class=\"column-3\"><strong><strong><font color=\"SaddleBrown\">LUK\u00c1\u0160 DRYML<\/font><\/strong><\/td><td class=\"column-4\">\u010cesk\u00e1 republika<\/td><td class=\"column-5\">\ud83c\udde8\ud83c\uddff<\/td>\n<\/tr>\n<tr class=\"row-26\">\n\t<td class=\"column-1\">26.<\/td><td class=\"column-2\">2000<\/td><td class=\"column-3\">Joonas Kylm\u00e4korpi<\/td><td class=\"column-4\">Finsko<\/td><td class=\"column-5\">\ud83c\uddeb\ud83c\uddee<\/td>\n<\/tr>\n<tr class=\"row-27\">\n\t<td class=\"column-1\">25.<\/td><td class=\"column-2\">1999<\/td><td class=\"column-3\">Andreas Jonsson<\/td><td class=\"column-4\">\u0160v\u00e9dsko<\/td><td class=\"column-5\">\ud83c\uddf8\ud83c\uddea<\/td>\n<\/tr>\n<tr class=\"row-28\">\n\t<td class=\"column-1\">24.<\/td><td class=\"column-2\">1998<\/td><td class=\"column-3\">Lee Richardson<\/td><td class=\"column-4\">Velk\u00e1 Brit\u00e1nie<\/td><td class=\"column-5\">\ud83c\uddec\ud83c\udde7\ufe0f\ufe0f\ufe0f\ufe0f<\/td>\n<\/tr>\n<tr class=\"row-29\">\n\t<td class=\"column-1\">23.<\/td><td class=\"column-2\"><strong><strong><font color=\"SaddleBrown\">1997<\/font><\/strong><\/td><td class=\"column-3\"><strong><strong><font color=\"SaddleBrown\">MARIAN JIROUT<\/font><\/strong><\/td><td class=\"column-4\">\u010cesk\u00e1 republika<\/td><td class=\"column-5\">\ud83c\udde8\ud83c\uddff<\/td>\n<\/tr>\n<tr class=\"row-30\">\n\t<td class=\"column-1\">22.<\/td><td class=\"column-2\"><strong><strong><font color=\"SaddleBrown\">1996<\/font><\/strong><\/td><td class=\"column-3\"><strong><strong><font color=\"SaddleBrown\">LUBOM\u00cdR BATELKA<\/font><\/strong><\/td><td class=\"column-4\">\u010cesk\u00e1 republika<\/td><td class=\"column-5\">\ud83c\udde8\ud83c\uddff<\/td>\n<\/tr>\n<tr class=\"row-31\">\n\t<td class=\"column-1\">21.<\/td><td class=\"column-2\">1995<\/td><td class=\"column-3\">Ben Howe<\/td><td class=\"column-4\">Velk\u00e1 Brit\u00e1nie<\/td><td class=\"column-5\">\ud83c\uddec\ud83c\udde7\ufe0f\ufe0f\ufe0f\ufe0f<\/td>\n<\/tr>\n<tr class=\"row-32\">\n\t<td class=\"column-1\">20.<\/td><td class=\"column-2\">1994<\/td><td class=\"column-3\">Mirko Wolter<\/td><td class=\"column-4\">N\u011bmecko<\/td><td class=\"column-5\">\ud83c\udde9\ud83c\uddea<\/td>\n<\/tr>\n<tr class=\"row-33\">\n\t<td class=\"column-1\">19.<\/td><td class=\"column-2\">1993<\/td><td class=\"column-3\">Ben Howe<\/td><td class=\"column-4\">Velk\u00e1 Brit\u00e1nie<\/td><td class=\"column-5\">\ud83c\uddec\ud83c\udde7\ufe0f\ufe0f\ufe0f\ufe0f<\/td>\n<\/tr>\n<tr class=\"row-34\">\n\t<td class=\"column-1\">18.<\/td><td class=\"column-2\"><strong><strong><font color=\"SaddleBrown\">1992<\/font><\/strong><\/td><td class=\"column-3\"><strong><strong><font color=\"SaddleBrown\">ANTON\u00cdN \u0160V\u00c1B<\/font><\/strong><\/td><td class=\"column-4\">\u010ceskoslovensko<\/td><td class=\"column-5\">\ud83c\udde8\ud83c\uddff<\/td>\n<\/tr>\n<tr class=\"row-35\">\n\t<td class=\"column-1\">17.<\/td><td class=\"column-2\">1991<\/td><td class=\"column-3\">Rostislav Bure\u0161<\/td><td class=\"column-4\">ZPA Pardubice<\/td><td class=\"column-5\">\ud83c\udde8\ud83c\uddff<\/td>\n<\/tr>\n<tr class=\"row-36\">\n\t<td class=\"column-1\">16.<\/td><td class=\"column-2\">1990<\/td><td class=\"column-3\">Jan H\u00e1dek<\/td><td class=\"column-4\">\u010cSAD Plze\u0148<\/td><td class=\"column-5\">\ud83c\udde8\ud83c\uddff<\/td>\n<\/tr>\n<tr class=\"row-37\">\n\t<td class=\"column-1\">15.<\/td><td class=\"column-2\">1989<\/td><td class=\"column-3\">Bo\u0159ivoj H\u00e1dek<\/td><td class=\"column-4\">SVS Pardubice<\/td><td class=\"column-5\">\ud83c\udde8\ud83c\uddff<\/td>\n<\/tr>\n<tr class=\"row-38\">\n\t<td class=\"column-1\">14.<\/td><td class=\"column-2\">1988<\/td><td class=\"column-3\">Jan Holub<\/td><td class=\"column-4\">SVS Pardubice<\/td><td class=\"column-5\">\ud83c\udde8\ud83c\uddff<\/td>\n<\/tr>\n<tr class=\"row-39\">\n\t<td class=\"column-1\">13.<\/td><td class=\"column-2\">1987<\/td><td class=\"column-3\">Jan Holub<\/td><td class=\"column-4\">SVS Pardubice<\/td><td class=\"column-5\">\ud83c\udde8\ud83c\uddff<\/td>\n<\/tr>\n<tr class=\"row-40\">\n\t<td class=\"column-1\">12.<\/td><td class=\"column-2\">1986<\/td><td class=\"column-3\">Bo\u0159ivoj H\u00e1dek<\/td><td class=\"column-4\">SVS Pardubice<\/td><td class=\"column-5\">\ud83c\udde8\ud83c\uddff<\/td>\n<\/tr>\n<tr class=\"row-41\">\n\t<td class=\"column-1\">11.<\/td><td class=\"column-2\">1985<\/td><td class=\"column-3\">Franti\u0161ek Ledeck\u00fd<\/td><td class=\"column-4\">RH Praha<\/td><td class=\"column-5\">\ud83c\udde8\ud83c\uddff<\/td>\n<\/tr>\n<tr class=\"row-42\">\n\t<td class=\"column-1\">10.<\/td><td class=\"column-2\">1984<\/td><td class=\"column-3\">Ivan Pac\u00e1k<\/td><td class=\"column-4\">RH Praha<\/td><td class=\"column-5\">\ud83c\udde8\ud83c\uddff<\/td>\n<\/tr>\n<tr class=\"row-43\">\n\t<td class=\"column-1\">9.<\/td><td class=\"column-2\">1983<\/td><td class=\"column-3\">Zden\u011bk Schneiderwind<\/td><td class=\"column-4\">ZP Pardubice<\/td><td class=\"column-5\">\ud83c\udde8\ud83c\uddff<\/td>\n<\/tr>\n<tr class=\"row-44\">\n\t<td class=\"column-1\">8.<\/td><td class=\"column-2\">1982<\/td><td class=\"column-3\">Ji\u0159\u00ed Hnid\u00e1k<\/td><td class=\"column-4\">RH Praha<\/td><td class=\"column-5\">\ud83c\udde8\ud83c\uddff<\/td>\n<\/tr>\n<tr class=\"row-45\">\n\t<td class=\"column-1\">7.<\/td><td class=\"column-2\">1981<\/td><td class=\"column-3\">Anton\u00edn Kasper ml.<\/td><td class=\"column-4\">RH Praha<\/td><td class=\"column-5\">\ud83c\udde8\ud83c\uddff<\/td>\n<\/tr>\n<tr class=\"row-46\">\n\t<td class=\"column-1\">6.<\/td><td class=\"column-2\">1980<\/td><td class=\"column-3\">Stanislav Urban<\/td><td class=\"column-4\">RH Praha<\/td><td class=\"column-5\">\ud83c\udde8\ud83c\uddff<\/td>\n<\/tr>\n<tr class=\"row-47\">\n\t<td class=\"column-1\">5.<\/td><td class=\"column-2\">1979<\/td><td class=\"column-3\">Stanislav Urban<\/td><td class=\"column-4\">RH Praha<\/td><td class=\"column-5\">\ud83c\udde8\ud83c\uddff<\/td>\n<\/tr>\n<tr class=\"row-48\">\n\t<td class=\"column-1\">4.<\/td><td class=\"column-2\">1978<\/td><td class=\"column-3\">Ladislav Hradeck\u00fd<\/td><td class=\"column-4\">RH Praha<\/td><td class=\"column-5\">\ud83c\udde8\ud83c\uddff<\/td>\n<\/tr>\n<tr class=\"row-49\">\n\t<td class=\"column-1\">3.<\/td><td class=\"column-2\">1977<\/td><td class=\"column-3\">Miroslav Ba\u010d\u00edk<\/td><td class=\"column-4\">AMK Zohor<\/td><td class=\"column-5\">\ud83c\udde8\ud83c\uddff<\/td>\n<\/tr>\n<tr class=\"row-50\">\n\t<td class=\"column-1\">2.<\/td><td class=\"column-2\">1976<\/td><td class=\"column-3\">Lubo\u0161 Tom\u00ed\u010dek ml.<\/td><td class=\"column-4\">RH Praha<\/td><td class=\"column-5\">\ud83c\udde8\ud83c\uddff<\/td>\n<\/tr>\n<tr class=\"row-51\">\n\t<td class=\"column-1\">1.<\/td><td class=\"column-2\">1975<\/td><td class=\"column-3\">Jind\u0159ich Dominik<\/td><td class=\"column-4\">\u010cSAD Plze\u0148<\/td><td class=\"column-5\">\ud83c\udde8\ud83c\uddff<\/td>\n<\/tr>\n<\/tbody>\n<\/table>\n<!-- #tablepress-14 from cache -->\n<p>&nbsp;<\/p>\n","protected":false},"excerpt":{"rendered":"<p>&nbsp;<\/p>\n","protected":false},"author":1,"featured_media":0,"parent":0,"menu_order":0,"comment_status":"closed","ping_status":"open","template":"","meta":{"footnotes":""},"class_list":["post-44","page","type-page","status-publish","hentry"],"_links":{"self":[{"href":"https:\/\/www.zlataprilba.cz\/foogalerie\/wp-json\/wp\/v2\/pages\/44","targetHints":{"allow":["GET"]}}],"collection":[{"href":"https:\/\/www.zlataprilba.cz\/foogalerie\/wp-json\/wp\/v2\/pages"}],"about":[{"href":"https:\/\/www.zlataprilba.cz\/foogalerie\/wp-json\/wp\/v2\/types\/page"}],"author":[{"embeddable":true,"href":"https:\/\/www.zlataprilba.cz\/foogalerie\/wp-json\/wp\/v2\/users\/1"}],"replies":[{"embeddable":true,"href":"https:\/\/www.zlataprilba.cz\/foogalerie\/wp-json\/wp\/v2\/comments?post=44"}],"version-history":[{"count":0,"href":"https:\/\/www.zlataprilba.cz\/foogalerie\/wp-json\/wp\/v2\/pages\/44\/revisions"}],"wp:attachment":[{"href":"https:\/\/www.zlataprilba.cz\/foogalerie\/wp-json\/wp\/v2\/media?parent=44"}],"curies":[{"name":"wp","href":"https:\/\/api.w.org\/{rel}","templated":true}]}}