{"id":48,"date":"2013-04-22T21:47:57","date_gmt":"2013-04-22T19:47:57","guid":{"rendered":"http:\/\/wp.vyhny.cz\/?page_id=48"},"modified":"2017-11-01T08:35:20","modified_gmt":"2017-11-01T07:35:20","slug":"historie-vitezu-zp","status":"publish","type":"page","link":"https:\/\/www.zlataprilba.cz\/foogalerie\/historie-vitezu-zp\/","title":{"rendered":"Historie v\u00edt\u011bz\u016f Zlat\u00e1 p\u0159ilba"},"content":{"rendered":"<p><strong>\u00a0\n<table id=\"tablepress-15\" class=\"tablepress tablepress-id-15\">\n<tbody class=\"row-striping\">\n<tr class=\"row-1\">\n\t<td class=\"column-1\">77.<\/td><td class=\"column-2\">2025<\/td><td class=\"column-3\">Dimitro Berge<\/td><td class=\"column-4\">Francie<\/td><td class=\"column-5\">\ud83c\uddeb\ud83c\uddf7<\/td>\n<\/tr>\n<tr class=\"row-2\">\n\t<td class=\"column-1\">76.<\/td><td class=\"column-2\">2024<\/td><td class=\"column-3\">Rasmus Jensen <\/td><td class=\"column-4\">D\u00e1nsko<\/td><td class=\"column-5\">\ud83c\udde9\ud83c\uddf0\ufe0f<\/td>\n<\/tr>\n<tr class=\"row-3\">\n\t<td class=\"column-1\">75.<\/td><td class=\"column-2\">2023<\/td><td class=\"column-3\">Timo Lahti<\/td><td class=\"column-4\">Finsko<\/td><td class=\"column-5\">\ud83c\uddeb\ud83c\uddee<\/td>\n<\/tr>\n<tr class=\"row-4\">\n\t<td class=\"column-1\">74.<\/td><td class=\"column-2\">2022<\/td><td class=\"column-3\">Daniel Bewley<\/td><td class=\"column-4\">Velk\u00e1 Brit\u00e1nie<\/td><td class=\"column-5\">\ud83c\uddec\ud83c\udde7<\/td>\n<\/tr>\n<tr class=\"row-5\">\n\t<td class=\"column-1\">73.<\/td><td class=\"column-2\">2021<\/td><td class=\"column-3\">Patryk Dudek<\/td><td class=\"column-4\">Polsko<\/td><td class=\"column-5\">\ud83c\uddf5\ud83c\uddf1\ufe0f<\/td>\n<\/tr>\n<tr class=\"row-6\">\n\t<td class=\"column-1\">72.<\/td><td class=\"column-2\">2020<\/td><td class=\"column-3\">Jason Doyle<\/td><td class=\"column-4\">Austr\u00e1lie<\/td><td class=\"column-5\">\ud83c\udde6\ud83c\uddfa\ufe0f<\/td>\n<\/tr>\n<tr class=\"row-7\">\n\t<td class=\"column-1\">71.<\/td><td class=\"column-2\">2019<\/td><td class=\"column-3\">Jason Doyle<\/td><td class=\"column-4\">Austr\u00e1lie<\/td><td class=\"column-5\">\ud83c\udde6\ud83c\uddfa\ufe0f<\/td>\n<\/tr>\n<tr class=\"row-8\">\n\t<td class=\"column-1\">70.<\/td><td class=\"column-2\">2018<\/td><td class=\"column-3\">Jason Doyle<\/td><td class=\"column-4\">Austr\u00e1lie<\/td><td class=\"column-5\">\ud83c\udde6\ud83c\uddfa\ufe0f<\/td>\n<\/tr>\n<tr class=\"row-9\">\n\t<td class=\"column-1\">69.<\/td><td class=\"column-2\"><strong><strong><font color=\"SaddleBrown\">2017<\/td><td class=\"column-3\"><strong><strong><font color=\"SaddleBrown\">V\u00c1CLAV MIL\u00cdK<\/td><td class=\"column-4\">\u010cesk\u00e1 republika<\/td><td class=\"column-5\">\ud83c\udde8\ud83c\uddff\ufe0f<\/td>\n<\/tr>\n<tr class=\"row-10\">\n\t<td class=\"column-1\">68.<\/td><td class=\"column-2\">2016<\/td><td class=\"column-3\">Emil Sajfutdinov<\/td><td class=\"column-4\">Rusko<\/td><td class=\"column-5\">\ud83c\uddf7\ud83c\uddfa\ufe0f<\/td>\n<\/tr>\n<tr class=\"row-11\">\n\t<td class=\"column-1\">67.<\/td><td class=\"column-2\">2015<\/td><td class=\"column-3\">Jurica Pavlic<\/td><td class=\"column-4\">Chorvatsko<\/td><td class=\"column-5\">\ud83c\udded\ud83c\uddf7\ufe0f<\/td>\n<\/tr>\n<tr class=\"row-12\">\n\t<td class=\"column-1\">66.<\/td><td class=\"column-2\">2014<\/td><td class=\"column-3\">Chris Holder<\/td><td class=\"column-4\">Austr\u00e1lie<\/td><td class=\"column-5\">\ud83c\udde6\ud83c\uddfa\ufe0f<\/td>\n<\/tr>\n<tr class=\"row-13\">\n\t<td class=\"column-1\">65.<\/td><td class=\"column-2\">2013<\/td><td class=\"column-3\">Darcy Ward<\/td><td class=\"column-4\">Austr\u00e1lie<\/td><td class=\"column-5\">\ud83c\udde6\ud83c\uddfa\ufe0f<\/td>\n<\/tr>\n<tr class=\"row-14\">\n\t<td class=\"column-1\">64.<\/td><td class=\"column-2\">2012<\/td><td class=\"column-3\">Grzegorz Walasek<\/td><td class=\"column-4\">Polsko<br \/>\n<\/td><td class=\"column-5\">\ud83c\uddf5\ud83c\uddf1\ufe0f<\/td>\n<\/tr>\n<tr class=\"row-15\">\n\t<td class=\"column-1\">63.<\/td><td class=\"column-2\">2011<\/td><td class=\"column-3\">Rune Holta<\/td><td class=\"column-4\">Polsko<br \/>\n<\/td><td class=\"column-5\">\ud83c\uddf5\ud83c\uddf1\ufe0f<\/td>\n<\/tr>\n<tr class=\"row-16\">\n\t<td class=\"column-1\">62.<\/td><td class=\"column-2\">2010<\/td><td class=\"column-3\">Nicky Pedersen<\/td><td class=\"column-4\">D\u00e1nsko<\/td><td class=\"column-5\">\ud83c\udde9\ud83c\uddf0\ufe0f<\/td>\n<\/tr>\n<tr class=\"row-17\">\n\t<td class=\"column-1\">61.<\/td><td class=\"column-2\">2009<\/td><td class=\"column-3\">Rune Holta<\/td><td class=\"column-4\">Polsko<br \/>\n<\/td><td class=\"column-5\">\ud83c\uddf5\ud83c\uddf1\ufe0f<\/td>\n<\/tr>\n<tr class=\"row-18\">\n\t<td class=\"column-1\">60.<\/td><td class=\"column-2\">2008<\/td><td class=\"column-3\">Hans Andersen<\/td><td class=\"column-4\">D\u00e1nsko<\/td><td class=\"column-5\">\ud83c\udde9\ud83c\uddf0\ufe0f<\/td>\n<\/tr>\n<tr class=\"row-19\">\n\t<td class=\"column-1\">59.<\/td><td class=\"column-2\">2007<\/td><td class=\"column-3\">Andreas Jonsson<\/td><td class=\"column-4\">\u0160v\u00e9dsko<\/td><td class=\"column-5\">\ud83c\uddf8\ud83c\uddea\ufe0f<\/td>\n<\/tr>\n<tr class=\"row-20\">\n\t<td class=\"column-1\">58.<\/td><td class=\"column-2\">2006<\/td><td class=\"column-3\">Jason Crump<\/td><td class=\"column-4\">Austr\u00e1lie<\/td><td class=\"column-5\">\ud83c\udde6\ud83c\uddfa\ufe0f<\/td>\n<\/tr>\n<tr class=\"row-21\">\n\t<td class=\"column-1\">57.<\/td><td class=\"column-2\">2005<\/td><td class=\"column-3\">Scott Nicholls<\/td><td class=\"column-4\">Velk\u00e1 Brit\u00e1nie<\/td><td class=\"column-5\">\ud83c\uddec\ud83c\udde7\ufe0f<\/td>\n<\/tr>\n<tr class=\"row-22\">\n\t<td class=\"column-1\">56.<\/td><td class=\"column-2\">2004<\/td><td class=\"column-3\">Leigh Adams<\/td><td class=\"column-4\">Austr\u00e1lie<\/td><td class=\"column-5\">\ud83c\udde6\ud83c\uddfa\ufe0f<\/td>\n<\/tr>\n<tr class=\"row-23\">\n\t<td class=\"column-1\">55.<\/td><td class=\"column-2\">2003<\/td><td class=\"column-3\">Ryan Sullivan<\/td><td class=\"column-4\">Austr\u00e1lie<\/td><td class=\"column-5\">\ud83c\udde6\ud83c\uddfa\ufe0f<\/td>\n<\/tr>\n<tr class=\"row-24\">\n\t<td class=\"column-1\">54.<\/td><td class=\"column-2\">2002<\/td><td class=\"column-3\">Jason Crump<\/td><td class=\"column-4\">Austr\u00e1lie<\/td><td class=\"column-5\">\ud83c\udde6\ud83c\uddfa\ufe0f<\/td>\n<\/tr>\n<tr class=\"row-25\">\n\t<td class=\"column-1\">53.<\/td><td class=\"column-2\">2001<\/td><td class=\"column-3\">Leigh Adams<\/td><td class=\"column-4\">Austr\u00e1lie<\/td><td class=\"column-5\">\ud83c\udde6\ud83c\uddfa\ufe0f<\/td>\n<\/tr>\n<tr class=\"row-26\">\n\t<td class=\"column-1\">52.<\/td><td class=\"column-2\">2000<\/td><td class=\"column-3\">Leigh Adams<\/td><td class=\"column-4\">Austr\u00e1lie<\/td><td class=\"column-5\">\ud83c\udde6\ud83c\uddfa\ufe0f<\/td>\n<\/tr>\n<tr class=\"row-27\">\n\t<td class=\"column-1\">51.<\/td><td class=\"column-2\">1999<\/td><td class=\"column-3\">Leigh Adams<\/td><td class=\"column-4\">Austr\u00e1lie<\/td><td class=\"column-5\">\ud83c\udde6\ud83c\uddfa\ufe0f<\/td>\n<\/tr>\n<tr class=\"row-28\">\n\t<td class=\"column-1\">50.<\/td><td class=\"column-2\">1998<\/td><td class=\"column-3\">Hans Nielsen<\/td><td class=\"column-4\">D\u00e1nsko<\/td><td class=\"column-5\">\ud83c\udde9\ud83c\uddf0\ufe0f<\/td>\n<\/tr>\n<tr class=\"row-29\">\n\t<td class=\"column-1\">49.<\/td><td class=\"column-2\">1997<\/td><td class=\"column-3\">Ryan Sullivan<\/td><td class=\"column-4\">Austr\u00e1lie<\/td><td class=\"column-5\">\ud83c\udde6\ud83c\uddfa\ufe0f<\/td>\n<\/tr>\n<tr class=\"row-30\">\n\t<td class=\"column-1\">48.<\/td><td class=\"column-2\"><strong><strong><font color=\"SaddleBrown\">1996<\/td><td class=\"column-3\"><strong><strong><font color=\"SaddleBrown\">TOM\u00c1\u0160 TOPINKA<\/td><td class=\"column-4\">\u010cesk\u00e1 republika<\/td><td class=\"column-5\">\ud83c\udde8\ud83c\uddff<\/td>\n<\/tr>\n<tr class=\"row-31\">\n\t<td class=\"column-1\">47.<\/td><td class=\"column-2\">1995<\/td><td class=\"column-3\">Tony Rickardsson<\/td><td class=\"column-4\">\u0160v\u00e9dsko<\/td><td class=\"column-5\">\ud83c\uddf8\ud83c\uddea\ufe0f<\/td>\n<\/tr>\n<tr class=\"row-32\">\n\t<td class=\"column-1\">46.<\/td><td class=\"column-2\">1994<\/td><td class=\"column-3\">Simon Wigg<\/td><td class=\"column-4\">Velk\u00e1 Brit\u00e1nie<\/td><td class=\"column-5\">\ud83c\uddec\ud83c\udde7\ufe0f<\/td>\n<\/tr>\n<tr class=\"row-33\">\n\t<td class=\"column-1\">45.<\/td><td class=\"column-2\">1993<\/td><td class=\"column-3\">Tony Rickardsson<\/td><td class=\"column-4\">\u0160v\u00e9dsko<\/td><td class=\"column-5\">\ud83c\uddf8\ud83c\uddea\ufe0f<\/td>\n<\/tr>\n<tr class=\"row-34\">\n\t<td class=\"column-1\">44.<\/td><td class=\"column-2\">1992<\/td><td class=\"column-3\">Tony Rickardsson<\/td><td class=\"column-4\">\u0160v\u00e9dsko<\/td><td class=\"column-5\">\ud83c\uddf8\ud83c\uddea\ufe0f<\/td>\n<\/tr>\n<tr class=\"row-35\">\n\t<td class=\"column-1\">43.<\/td><td class=\"column-2\"><strong><strong><font color=\"SaddleBrown\">1991<\/td><td class=\"column-3\"><strong><strong><font color=\"SaddleBrown\">ANTON\u00cdN KASPER ml.<\/td><td class=\"column-4\">\u010ceskoslovensko<\/td><td class=\"column-5\">\ud83c\udde8\ud83c\uddff<\/td>\n<\/tr>\n<tr class=\"row-36\">\n\t<td class=\"column-1\">42.<\/td><td class=\"column-2\">1990<\/td><td class=\"column-3\">Jeremy Doncaster<\/td><td class=\"column-4\">Velk\u00e1 Brit\u00e1nie<\/td><td class=\"column-5\">\ud83c\uddec\ud83c\udde7\ufe0f<\/td>\n<\/tr>\n<tr class=\"row-37\">\n\t<td class=\"column-1\">41.<\/td><td class=\"column-2\">1989<\/td><td class=\"column-3\">Jeremy Doncaster<\/td><td class=\"column-4\">Velk\u00e1 Brit\u00e1nie<\/td><td class=\"column-5\">\ud83c\uddec\ud83c\udde7\ufe0f<\/td>\n<\/tr>\n<tr class=\"row-38\">\n\t<td class=\"column-1\">40.<\/td><td class=\"column-2\">1988<\/td><td class=\"column-3\">Per Jonsson<\/td><td class=\"column-4\">\u0160v\u00e9dsko<\/td><td class=\"column-5\">\ud83c\uddf8\ud83c\uddea\ufe0f<\/td>\n<\/tr>\n<tr class=\"row-39\">\n\t<td class=\"column-1\">39.<\/td><td class=\"column-2\">1987<\/td><td class=\"column-3\">Hans Nielsen<\/td><td class=\"column-4\">D\u00e1nsko<\/td><td class=\"column-5\">\ud83c\udde9\ud83c\uddf0\ufe0f<\/td>\n<\/tr>\n<tr class=\"row-40\">\n\t<td class=\"column-1\">38.<\/td><td class=\"column-2\">1986<\/td><td class=\"column-3\">Erik Gundersen<\/td><td class=\"column-4\">D\u00e1nsko<\/td><td class=\"column-5\">\ud83c\udde9\ud83c\uddf0\ufe0f<\/td>\n<\/tr>\n<tr class=\"row-41\">\n\t<td class=\"column-1\">37.<\/td><td class=\"column-2\">1985<\/td><td class=\"column-3\">Erik Gundersen<\/td><td class=\"column-4\">D\u00e1nsko<\/td><td class=\"column-5\">\ud83c\udde9\ud83c\uddf0\ufe0f<\/td>\n<\/tr>\n<tr class=\"row-42\">\n\t<td class=\"column-1\">36.<\/td><td class=\"column-2\">1984<\/td><td class=\"column-3\">John Davis<\/td><td class=\"column-4\">Velk\u00e1 Brit\u00e1nie<\/td><td class=\"column-5\">\ud83c\uddec\ud83c\udde7\ufe0f<\/td>\n<\/tr>\n<tr class=\"row-43\">\n\t<td class=\"column-1\">35.<\/td><td class=\"column-2\">1983<\/td><td class=\"column-3\">Denis Sigalos<\/td><td class=\"column-4\">USA<\/td><td class=\"column-5\">\ud83c\uddfa\ud83c\uddf8\ufe0f<\/td>\n<\/tr>\n<tr class=\"row-44\">\n\t<td class=\"column-1\">34.<\/td><td class=\"column-2\"><strong><strong><font color=\"SaddleBrown\">1982<\/td><td class=\"column-3\"><strong><strong><font color=\"SaddleBrown\">JI\u0158\u00cd \u0160TANCL<\/td><td class=\"column-4\">\u010ceskoslovensko<\/td><td class=\"column-5\">\ud83c\udde8\ud83c\uddff<\/td>\n<\/tr>\n<tr class=\"row-45\">\n\t<td class=\"column-1\">33.<\/td><td class=\"column-2\"><strong><strong><font color=\"SaddleBrown\">1981<\/td><td class=\"column-3\"><strong><strong><font color=\"SaddleBrown\">JI\u0158\u00cd \u0160TANCL<\/td><td class=\"column-4\">\u010ceskoslovensko<\/td><td class=\"column-5\">\ud83c\udde8\ud83c\uddff<\/td>\n<\/tr>\n<tr class=\"row-46\">\n\t<td class=\"column-1\">32.<\/td><td class=\"column-2\">1980<\/td><td class=\"column-3\">Ole Olsen<\/td><td class=\"column-4\">D\u00e1nsko<\/td><td class=\"column-5\">\ud83c\udde9\ud83c\uddf0\ufe0f<\/td>\n<\/tr>\n<tr class=\"row-47\">\n\t<td class=\"column-1\">31.<\/td><td class=\"column-2\">1979<\/td><td class=\"column-3\">Ole Olsen<\/td><td class=\"column-4\">D\u00e1nsko<\/td><td class=\"column-5\">\ud83c\udde9\ud83c\uddf0\ufe0f<\/td>\n<\/tr>\n<tr class=\"row-48\">\n\t<td class=\"column-1\">30.<\/td><td class=\"column-2\"><strong><strong><font color=\"SaddleBrown\">1978<\/td><td class=\"column-3\"><strong><strong><font color=\"SaddleBrown\">JI\u0158\u00cd \u0160TANCL<\/td><td class=\"column-4\">\u010ceskoslovensko<\/td><td class=\"column-5\">\ud83c\udde8\ud83c\uddff<\/td>\n<\/tr>\n<tr class=\"row-49\">\n\t<td class=\"column-1\">29.<\/td><td class=\"column-2\">1977<\/td><td class=\"column-3\">Ole Olsen<\/td><td class=\"column-4\">D\u00e1nsko<\/td><td class=\"column-5\">\ud83c\udde9\ud83c\uddf0\ufe0f<\/td>\n<\/tr>\n<tr class=\"row-50\">\n\t<td class=\"column-1\">28.<\/td><td class=\"column-2\"><strong><strong><font color=\"SaddleBrown\">1976<\/td><td class=\"column-3\"><strong><strong><font color=\"SaddleBrown\">JI\u0158\u00cd \u0160TANCL<\/td><td class=\"column-4\">\u010ceskoslovensko<\/td><td class=\"column-5\">\ud83c\udde8\ud83c\uddff<\/td>\n<\/tr>\n<tr class=\"row-51\">\n\t<td class=\"column-1\">27.<\/td><td class=\"column-2\">1975<\/td><td class=\"column-3\">Ole Olsen<\/td><td class=\"column-4\">D\u00e1nsko<\/td><td class=\"column-5\">\ud83c\udde9\ud83c\uddf0\ufe0f<\/td>\n<\/tr>\n<tr class=\"row-52\">\n\t<td class=\"column-1\">26.<\/td><td class=\"column-2\"><strong><strong><font color=\"SaddleBrown\">1974<\/td><td class=\"column-3\"><strong><strong><font color=\"SaddleBrown\">JI\u0158\u00cd \u0160TANCL<\/td><td class=\"column-4\">\u010ceskoslovensko<\/td><td class=\"column-5\">\ud83c\udde8\ud83c\uddff<\/td>\n<\/tr>\n<tr class=\"row-53\">\n\t<td class=\"column-1\">25.<\/td><td class=\"column-2\"><strong><strong><font color=\"SaddleBrown\">1973<\/td><td class=\"column-3\"><strong><strong><font color=\"SaddleBrown\">MILAN \u0160PINKA<\/td><td class=\"column-4\">\u010ceskoslovensko<\/td><td class=\"column-5\">\ud83c\udde8\ud83c\uddff<\/td>\n<\/tr>\n<tr class=\"row-54\">\n\t<td class=\"column-1\">24.<\/td><td class=\"column-2\">1972<\/td><td class=\"column-3\">Ole Olsen<\/td><td class=\"column-4\">D\u00e1nsko<\/td><td class=\"column-5\">\ud83c\udde9\ud83c\uddf0\ufe0f<\/td>\n<\/tr>\n<tr class=\"row-55\">\n\t<td class=\"column-1\">23.<\/td><td class=\"column-2\">1971<\/td><td class=\"column-3\">Ole Olsen<\/td><td class=\"column-4\">D\u00e1nsko<\/td><td class=\"column-5\">\ud83c\udde9\ud83c\uddf0\ufe0f<\/td>\n<\/tr>\n<tr class=\"row-56\">\n\t<td class=\"column-1\">22.<\/td><td class=\"column-2\">1970<\/td><td class=\"column-3\">Ole Olsen<\/td><td class=\"column-4\">D\u00e1nsko<\/td><td class=\"column-5\">\ud83c\udde9\ud83c\uddf0\ufe0f<\/td>\n<\/tr>\n<tr class=\"row-57\">\n\t<td class=\"column-1\">21.<\/td><td class=\"column-2\">1969<\/td><td class=\"column-3\">Gennadij Kurilenko<\/td><td class=\"column-4\">SSSR<\/td><td class=\"column-5\"><img loading=\"lazy\" decoding=\"async\" src=\"http:\/\/www.zlataprilba.cz\/wp-content\/uploads\/2017\/11\/20160607205517_Flag_of_the_Soviet_Union.svg_-300x188.png\" alt=\"\" width=\"16\" height=\"10\" class=\"alignnone size-medium wp-image-5089\" srcset=\"https:\/\/www.zlataprilba.cz\/wp-content\/uploads\/2017\/11\/20160607205517_Flag_of_the_Soviet_Union.svg_-300x188.png 300w, https:\/\/www.zlataprilba.cz\/wp-content\/uploads\/2017\/11\/20160607205517_Flag_of_the_Soviet_Union.svg_-150x94.png 150w, https:\/\/www.zlataprilba.cz\/wp-content\/uploads\/2017\/11\/20160607205517_Flag_of_the_Soviet_Union.svg_-768x480.png 768w, https:\/\/www.zlataprilba.cz\/wp-content\/uploads\/2017\/11\/20160607205517_Flag_of_the_Soviet_Union.svg_-500x313.png 500w, https:\/\/www.zlataprilba.cz\/wp-content\/uploads\/2017\/11\/20160607205517_Flag_of_the_Soviet_Union.svg_.png 840w\" sizes=\"auto, (max-width: 16px) 100vw, 16px\" \/><\/td>\n<\/tr>\n<tr class=\"row-58\">\n\t<td class=\"column-1\">20.<\/td><td class=\"column-2\">1968<\/td><td class=\"column-3\">Leif Enecrona<\/td><td class=\"column-4\">\u0160v\u00e9dsko<\/td><td class=\"column-5\">\ud83c\uddf8\ud83c\uddea\ufe0f<\/td>\n<\/tr>\n<tr class=\"row-59\">\n\t<td class=\"column-1\">19.<\/td><td class=\"column-2\">1967<\/td><td class=\"column-3\">Ove Fundin<\/td><td class=\"column-4\">\u0160v\u00e9dsko<\/td><td class=\"column-5\">\ud83c\uddf8\ud83c\uddea\ufe0f<\/td>\n<\/tr>\n<tr class=\"row-60\">\n\t<td class=\"column-1\">18.<\/td><td class=\"column-2\">1966<\/td><td class=\"column-3\">Igor Plechanov<\/td><td class=\"column-4\">SSSR<\/td><td class=\"column-5\"><img loading=\"lazy\" decoding=\"async\" src=\"http:\/\/www.zlataprilba.cz\/wp-content\/uploads\/2017\/11\/20160607205517_Flag_of_the_Soviet_Union.svg_-300x188.png\" alt=\"\" width=\"16\" height=\"10\" class=\"alignnone size-medium wp-image-5089\" srcset=\"https:\/\/www.zlataprilba.cz\/wp-content\/uploads\/2017\/11\/20160607205517_Flag_of_the_Soviet_Union.svg_-300x188.png 300w, https:\/\/www.zlataprilba.cz\/wp-content\/uploads\/2017\/11\/20160607205517_Flag_of_the_Soviet_Union.svg_-150x94.png 150w, https:\/\/www.zlataprilba.cz\/wp-content\/uploads\/2017\/11\/20160607205517_Flag_of_the_Soviet_Union.svg_-768x480.png 768w, https:\/\/www.zlataprilba.cz\/wp-content\/uploads\/2017\/11\/20160607205517_Flag_of_the_Soviet_Union.svg_-500x313.png 500w, https:\/\/www.zlataprilba.cz\/wp-content\/uploads\/2017\/11\/20160607205517_Flag_of_the_Soviet_Union.svg_.png 840w\" sizes=\"auto, (max-width: 16px) 100vw, 16px\" \/><\/td>\n<\/tr>\n<tr class=\"row-61\">\n\t<td class=\"column-1\">17.<\/td><td class=\"column-2\">1965<\/td><td class=\"column-3\">Farit \u0160ajnurov<\/td><td class=\"column-4\">SSSR<\/td><td class=\"column-5\"><img loading=\"lazy\" decoding=\"async\" src=\"http:\/\/www.zlataprilba.cz\/wp-content\/uploads\/2017\/11\/20160607205517_Flag_of_the_Soviet_Union.svg_-300x188.png\" alt=\"\" width=\"16\" height=\"10\" class=\"alignnone size-medium wp-image-5089\" srcset=\"https:\/\/www.zlataprilba.cz\/wp-content\/uploads\/2017\/11\/20160607205517_Flag_of_the_Soviet_Union.svg_-300x188.png 300w, https:\/\/www.zlataprilba.cz\/wp-content\/uploads\/2017\/11\/20160607205517_Flag_of_the_Soviet_Union.svg_-150x94.png 150w, https:\/\/www.zlataprilba.cz\/wp-content\/uploads\/2017\/11\/20160607205517_Flag_of_the_Soviet_Union.svg_-768x480.png 768w, https:\/\/www.zlataprilba.cz\/wp-content\/uploads\/2017\/11\/20160607205517_Flag_of_the_Soviet_Union.svg_-500x313.png 500w, https:\/\/www.zlataprilba.cz\/wp-content\/uploads\/2017\/11\/20160607205517_Flag_of_the_Soviet_Union.svg_.png 840w\" sizes=\"auto, (max-width: 16px) 100vw, 16px\" \/><\/td>\n<\/tr>\n<tr class=\"row-62\">\n\t<td class=\"column-1\">16.<\/td><td class=\"column-2\">1964<\/td><td class=\"column-3\">Igor Plechanov<\/td><td class=\"column-4\">SSSR<\/td><td class=\"column-5\"><img loading=\"lazy\" decoding=\"async\" src=\"http:\/\/www.zlataprilba.cz\/wp-content\/uploads\/2017\/11\/20160607205517_Flag_of_the_Soviet_Union.svg_-300x188.png\" alt=\"\" width=\"16\" height=\"10\" class=\"alignnone size-medium wp-image-5089\" srcset=\"https:\/\/www.zlataprilba.cz\/wp-content\/uploads\/2017\/11\/20160607205517_Flag_of_the_Soviet_Union.svg_-300x188.png 300w, https:\/\/www.zlataprilba.cz\/wp-content\/uploads\/2017\/11\/20160607205517_Flag_of_the_Soviet_Union.svg_-150x94.png 150w, https:\/\/www.zlataprilba.cz\/wp-content\/uploads\/2017\/11\/20160607205517_Flag_of_the_Soviet_Union.svg_-768x480.png 768w, https:\/\/www.zlataprilba.cz\/wp-content\/uploads\/2017\/11\/20160607205517_Flag_of_the_Soviet_Union.svg_-500x313.png 500w, https:\/\/www.zlataprilba.cz\/wp-content\/uploads\/2017\/11\/20160607205517_Flag_of_the_Soviet_Union.svg_.png 840w\" sizes=\"auto, (max-width: 16px) 100vw, 16px\" \/><\/td>\n<\/tr>\n<tr class=\"row-63\">\n\t<td class=\"column-1\">15.<\/td><td class=\"column-2\"><strong><strong><font color=\"SaddleBrown\">1963<\/td><td class=\"column-3\"><strong><strong><font color=\"SaddleBrown\">ANTON\u00cdN KASPER<\/td><td class=\"column-4\">\u010ceskoslovensko<\/td><td class=\"column-5\">\ud83c\udde8\ud83c\uddff<\/td>\n<\/tr>\n<tr class=\"row-64\">\n\t<td class=\"column-1\">14.<\/td><td class=\"column-2\">1962<\/td><td class=\"column-3\">Josef Seidl<\/td><td class=\"column-4\">N\u011bmecko<\/td><td class=\"column-5\">\ud83c\udde9\ud83c\uddea\ufe0f<\/td>\n<\/tr>\n<tr class=\"row-65\">\n\t<td class=\"column-1\">13.<\/td><td class=\"column-2\"><strong><strong><font color=\"SaddleBrown\">1961<\/td><td class=\"column-3\"><strong><strong><font color=\"SaddleBrown\">OLD\u0158ICH KLAUDINGER<\/td><td class=\"column-4\">\u010ceskoslovensko<\/td><td class=\"column-5\">\ud83c\udde8\ud83c\uddff<\/td>\n<\/tr>\n<tr class=\"row-66\">\n\t<td class=\"column-1\">12.<\/td><td class=\"column-2\"><strong><strong><font color=\"SaddleBrown\">1951<\/td><td class=\"column-3\"><strong><strong><font color=\"SaddleBrown\">JAN LUC\u00c1K<\/td><td class=\"column-4\">\u010ceskoslovensko<\/td><td class=\"column-5\">\ud83c\udde8\ud83c\uddff<\/td>\n<\/tr>\n<tr class=\"row-67\">\n\t<td class=\"column-1\">11.<\/td><td class=\"column-2\">1949<\/td><td class=\"column-3\">Fritz Dirtl<\/td><td class=\"column-4\">Rakousko<\/td><td class=\"column-5\">\ud83c\udde6\ud83c\uddf9\ufe0f<\/td>\n<\/tr>\n<tr class=\"row-68\">\n\t<td class=\"column-1\">10.<\/td><td class=\"column-2\"><strong><strong><font color=\"SaddleBrown\">1947<\/td><td class=\"column-3\"><strong><strong><font color=\"SaddleBrown\">HUGO ROS\u00c1K<\/td><td class=\"column-4\">\u010ceskoslovensko<\/td><td class=\"column-5\">\ud83c\udde8\ud83c\uddff<\/td>\n<\/tr>\n<tr class=\"row-69\">\n\t<td class=\"column-1\">9.<\/td><td class=\"column-2\"><strong><strong><font color=\"SaddleBrown\">1938<\/td><td class=\"column-3\"><strong><strong><font color=\"SaddleBrown\">FRANTI\u0160EK JUHAN<\/td><td class=\"column-4\">\u010ceskoslovensko<\/td><td class=\"column-5\">\ud83c\udde8\ud83c\uddff<\/td>\n<\/tr>\n<tr class=\"row-70\">\n\t<td class=\"column-1\">8.<\/td><td class=\"column-2\">1936<\/td><td class=\"column-3\">Herman Gunzenhauser<\/td><td class=\"column-4\">N\u011bmecko<\/td><td class=\"column-5\">\ud83c\udde9\ud83c\uddea\ufe0f<\/td>\n<\/tr>\n<tr class=\"row-71\">\n\t<td class=\"column-1\">7.<\/td><td class=\"column-2\">1935<\/td><td class=\"column-3\">Herman Gunzenhauser<\/td><td class=\"column-4\">N\u011bmecko<\/td><td class=\"column-5\">\ud83c\udde9\ud83c\uddea\ufe0f<\/td>\n<\/tr>\n<tr class=\"row-72\">\n\t<td class=\"column-1\">6.<\/td><td class=\"column-2\">1934<\/td><td class=\"column-3\">Gerit van Dijk<\/td><td class=\"column-4\">Nizozem\u00ed<\/td><td class=\"column-5\">\ud83c\uddf3\ud83c\uddf1<\/td>\n<\/tr>\n<tr class=\"row-73\">\n\t<td class=\"column-1\">5.<\/td><td class=\"column-2\">1933<\/td><td class=\"column-3\">Hans Buttler<\/td><td class=\"column-4\">N\u011bmecko<\/td><td class=\"column-5\">\ud83c\udde9\ud83c\uddea\ufe0f<\/td>\n<\/tr>\n<tr class=\"row-74\">\n\t<td class=\"column-1\">4.<\/td><td class=\"column-2\">1932<\/td><td class=\"column-3\">Hans Mayer<\/td><td class=\"column-4\">Rakousko<\/td><td class=\"column-5\">\ud83c\udde6\ud83c\uddf9\ufe0f<\/td>\n<\/tr>\n<tr class=\"row-75\">\n\t<td class=\"column-1\">3.<\/td><td class=\"column-2\">1931<\/td><td class=\"column-3\">Rudi Klein<\/td><td class=\"column-4\">N\u011bmecko<\/td><td class=\"column-5\">\ud83c\udde9\ud83c\uddea\ufe0f<\/td>\n<\/tr>\n<tr class=\"row-76\">\n\t<td class=\"column-1\">2.<\/td><td class=\"column-2\">1930<\/td><td class=\"column-3\">Josef \u0160trban<\/td><td class=\"column-4\">Jugosl\u00e1vie<\/td><td class=\"column-5\"><\/td>\n<\/tr>\n<tr class=\"row-77\">\n\t<td class=\"column-1\">1.<\/td><td class=\"column-2\"><strong><strong><font color=\"SaddleBrown\">1929<\/td><td class=\"column-3\"><strong><strong><font color=\"SaddleBrown\">ZDEN\u011aK POHL<\/td><td class=\"column-4\">\u010ceskoslovensko<\/td><td class=\"column-5\">\ud83c\udde8\ud83c\uddff<\/td>\n<\/tr>\n<\/tbody>\n<\/table>\n<!-- #tablepress-15 from cache --><\/strong><\/p>\n<p>&nbsp;<\/p>\n","protected":false},"excerpt":{"rendered":"<p>\u00a0 &nbsp;<\/p>\n","protected":false},"author":1,"featured_media":0,"parent":0,"menu_order":0,"comment_status":"closed","ping_status":"open","template":"","meta":{"footnotes":""},"class_list":["post-48","page","type-page","status-publish","hentry"],"_links":{"self":[{"href":"https:\/\/www.zlataprilba.cz\/foogalerie\/wp-json\/wp\/v2\/pages\/48","targetHints":{"allow":["GET"]}}],"collection":[{"href":"https:\/\/www.zlataprilba.cz\/foogalerie\/wp-json\/wp\/v2\/pages"}],"about":[{"href":"https:\/\/www.zlataprilba.cz\/foogalerie\/wp-json\/wp\/v2\/types\/page"}],"author":[{"embeddable":true,"href":"https:\/\/www.zlataprilba.cz\/foogalerie\/wp-json\/wp\/v2\/users\/1"}],"replies":[{"embeddable":true,"href":"https:\/\/www.zlataprilba.cz\/foogalerie\/wp-json\/wp\/v2\/comments?post=48"}],"version-history":[{"count":0,"href":"https:\/\/www.zlataprilba.cz\/foogalerie\/wp-json\/wp\/v2\/pages\/48\/revisions"}],"wp:attachment":[{"href":"https:\/\/www.zlataprilba.cz\/foogalerie\/wp-json\/wp\/v2\/media?parent=48"}],"curies":[{"name":"wp","href":"https:\/\/api.w.org\/{rel}","templated":true}]}}