{"id":56,"date":"2013-04-22T21:51:43","date_gmt":"2013-04-22T19:51:43","guid":{"rendered":"http:\/\/wp.vyhny.cz\/?page_id=56"},"modified":"2021-08-18T10:42:31","modified_gmt":"2021-08-18T09:42:31","slug":"diskuse","status":"publish","type":"page","link":"https:\/\/www.zlataprilba.cz\/foogalerie\/diskuse\/","title":{"rendered":"Diskuse"},"content":{"rendered":"<p style=\"text-align: center;\"><span style=\"color: #ff0000;\">Toto je m\u00edsto pro volnou diskuzi. Upozor\u0148ujeme, \u017ee nevhodn\u00e9 koment\u00e1\u0159e nebo koment\u00e1\u0159e obsahuj\u00edc\u00ed reklamu budou smaz\u00e1ny. Kdy\u017e n\u00e1v\u0161t\u011bvn\u00edci p\u0159idaj\u00ed koment\u00e1\u0159 na tento web, jsou shroma\u017e\u010fov\u00e1ny \u00fadaje zobrazen\u00e9 ve formul\u00e1\u0159i pro koment\u00e1\u0159, d\u00e1le IP adresa n\u00e1v\u0161t\u011bvn\u00edka a \u0159et\u011bzec user agent definuj\u00edc\u00ed prohl\u00ed\u017ee\u010d, co\u017e pom\u00e1h\u00e1 k detekci spamu.<\/span><\/p>\n","protected":false},"excerpt":{"rendered":"<p>Toto je m\u00edsto pro volnou diskuzi. Upozor\u0148ujeme, \u017ee nevhodn\u00e9 koment\u00e1\u0159e nebo koment\u00e1\u0159e obsahuj\u00edc\u00ed reklamu budou smaz\u00e1ny. Kdy\u017e n\u00e1v\u0161t\u011bvn\u00edci p\u0159idaj\u00ed koment\u00e1\u0159 na tento web, jsou shroma\u017e\u010fov\u00e1ny \u00fadaje zobrazen\u00e9 ve formul\u00e1\u0159i pro koment\u00e1\u0159, d\u00e1le IP adresa n\u00e1v\u0161t\u011bvn\u00edka a \u0159et\u011bzec user agent definuj\u00edc\u00ed<\/p>\n","protected":false},"author":1,"featured_media":0,"parent":0,"menu_order":0,"comment_status":"open","ping_status":"closed","template":"","meta":{"footnotes":""},"class_list":["post-56","page","type-page","status-publish","hentry"],"_links":{"self":[{"href":"https:\/\/www.zlataprilba.cz\/foogalerie\/wp-json\/wp\/v2\/pages\/56","targetHints":{"allow":["GET"]}}],"collection":[{"href":"https:\/\/www.zlataprilba.cz\/foogalerie\/wp-json\/wp\/v2\/pages"}],"about":[{"href":"https:\/\/www.zlataprilba.cz\/foogalerie\/wp-json\/wp\/v2\/types\/page"}],"author":[{"embeddable":true,"href":"https:\/\/www.zlataprilba.cz\/foogalerie\/wp-json\/wp\/v2\/users\/1"}],"replies":[{"embeddable":true,"href":"https:\/\/www.zlataprilba.cz\/foogalerie\/wp-json\/wp\/v2\/comments?post=56"}],"version-history":[{"count":0,"href":"https:\/\/www.zlataprilba.cz\/foogalerie\/wp-json\/wp\/v2\/pages\/56\/revisions"}],"wp:attachment":[{"href":"https:\/\/www.zlataprilba.cz\/foogalerie\/wp-json\/wp\/v2\/media?parent=56"}],"curies":[{"name":"wp","href":"https:\/\/api.w.org\/{rel}","templated":true}]}}