{"id":58,"date":"2013-04-22T21:53:59","date_gmt":"2013-04-22T19:53:59","guid":{"rendered":"http:\/\/wp.vyhny.cz\/?page_id=58"},"modified":"2025-12-04T17:55:01","modified_gmt":"2025-12-04T16:55:01","slug":"cenik-vstupneho","status":"publish","type":"page","link":"https:\/\/www.zlataprilba.cz\/foogalerie\/cenik-vstupneho\/","title":{"rendered":"Cen\u00edk vstupn\u00e9ho"},"content":{"rendered":"<div id='gallery-1' class='gallery galleryid-58 gallery-columns-1 gallery-size-full'><figure class='gallery-item'>\n\t\t\t<div class='gallery-icon landscape'>\n\t\t\t\t<a href='https:\/\/www.zlataprilba.cz\/wp-content\/uploads\/2019\/12\/pardubiceplochadraha2020-zlataprilba.jpg' rel=\"lightbox[58]\"><img loading=\"lazy\" decoding=\"async\" width=\"1200\" height=\"704\" src=\"https:\/\/www.zlataprilba.cz\/wp-content\/uploads\/2019\/12\/pardubiceplochadraha2020-zlataprilba.jpg\" class=\"attachment-full size-full\" alt=\"\" srcset=\"https:\/\/www.zlataprilba.cz\/wp-content\/uploads\/2019\/12\/pardubiceplochadraha2020-zlataprilba.jpg 1200w, https:\/\/www.zlataprilba.cz\/wp-content\/uploads\/2019\/12\/pardubiceplochadraha2020-zlataprilba-150x88.jpg 150w, https:\/\/www.zlataprilba.cz\/wp-content\/uploads\/2019\/12\/pardubiceplochadraha2020-zlataprilba-300x176.jpg 300w, https:\/\/www.zlataprilba.cz\/wp-content\/uploads\/2019\/12\/pardubiceplochadraha2020-zlataprilba-768x451.jpg 768w, https:\/\/www.zlataprilba.cz\/wp-content\/uploads\/2019\/12\/pardubiceplochadraha2020-zlataprilba-1024x601.jpg 1024w, https:\/\/www.zlataprilba.cz\/wp-content\/uploads\/2019\/12\/pardubiceplochadraha2020-zlataprilba-500x293.jpg 500w\" sizes=\"auto, (max-width: 1200px) 100vw, 1200px\" \/><\/a>\n\t\t\t<\/div><\/figure>\n\t\t<\/div>\n\n<p style=\"text-align: center;\"><a href=\"http:\/\/www.zlataprilba.cz\/vstupenky-on-line\/\"><span style=\"text-decoration: underline;\"><span style=\"color: #ff0000; font-size: 16px; text-decoration: underline;\">!!! Odkazy na on-line prodej vstupenek jsou v z\u00e1lo\u017ece &#8222;Vstupenky on-line&#8220; !!!<\/span><\/span><\/a><\/p>\n<p>&nbsp;<\/p>\n<p style=\"text-align: center;\"><span style=\"text-decoration: underline;\"><span style=\"color: #ff0000;\"><strong>CENY PLAT\u00cd od 04.12. 2025<\/strong><\/span><\/span><\/p>\n<h2 id=\"tablepress-9-name\" class=\"tablepress-table-name tablepress-table-name-id-9\"><u> <strong> Fin\u00e1le MS Flat track - 52. Zlat\u00e1 stuha junior\u016f<\/strong><\/u><\/h2>\n\n<table id=\"tablepress-9\" class=\"tablepress tablepress-id-9\" aria-labelledby=\"tablepress-9-name\">\n<tbody class=\"row-striping\">\n<tr class=\"row-1\">\n\t<td class=\"column-1\"><strong>TRIBUNA<\/td><td class=\"column-2\"><\/td>\n<\/tr>\n<tr class=\"row-2\">\n\t<td class=\"column-1\"><strong><font color=\"SaddleBrown\">Sezen\u00ed&nbsp; B \u2013 C \u2013 Y \u2013 Z<\/font><\/strong> (\u010d\u00edslovan\u00e9)<\/td><td class=\"column-2\">450,- K\u010d<\/td>\n<\/tr>\n<tr class=\"row-3\">\n\t<td class=\"column-1\"><strong><font color=\"SaddleBrown\">Sezen\u00ed&nbsp;D - E - V - X<\/font><\/strong> (ne\u010d\u00edslovan\u00e9 z\u00e1pad )<\/td><td class=\"column-2\">400,- K\u010d<\/td>\n<\/tr>\n<tr class=\"row-4\">\n\t<td class=\"column-1\"><strong><font color=\"SaddleBrown\">Sezen\u00ed <\/font><\/strong>(ne\u010d\u00edslovan\u00e9 v\u00fdchod )<\/td><td class=\"column-2\">300,- K\u010d<\/td>\n<\/tr>\n<tr class=\"row-5\">\n\t<td class=\"column-1\"><strong><font color=SaddleBrown>Sezen\u00ed E \u2013 <\/font><\/strong>rodinn\u00e1 vstupenka (2 dosp\u011bl\u00ed + 2 d\u011bti)<\/td><td class=\"column-2\">800,- K\u010d<\/td>\n<\/tr>\n<tr class=\"row-6\">\n\t<td class=\"column-1\"><strong><font color=\"SaddleBrown\">Sezen\u00ed V\u00ddCHOD\u2013<\/font><\/strong>rodinn\u00e1 vstupenka (2 dos. + 2 d\u011bti)<\/td><td class=\"column-2\">600,- K\u010d<\/td>\n<\/tr>\n<tr class=\"row-7\">\n\t<td class=\"column-1\"><strong><font color=\"SaddleBrown\">St\u00e1n\u00ed&nbsp; SEVER \u2013 JIH<\/font><\/strong> <\/td><td class=\"column-2\">200,- K\u010d<\/td>\n<\/tr>\n<tr class=\"row-8\">\n\t<td class=\"column-1\"><strong><font color=\"SaddleBrown\">St\u00e1n\u00ed \u2013<\/font><\/strong> d\u011bti do 15 let, studenti, senio\u0159i<br \/>\n &nbsp;&nbsp;&nbsp;&nbsp;&nbsp;&nbsp;&nbsp;&nbsp;&nbsp;&nbsp;&nbsp;&nbsp;&nbsp;&nbsp;&nbsp;&nbsp;&nbsp;(prodej pouze na stadionu ZP)<\/td><td class=\"column-2\">100,- K\u010d<\/td>\n<\/tr>\n<\/tbody>\n<\/table>\n<!-- #tablepress-9 from cache -->\n<h2 id=\"tablepress-7-name\" class=\"tablepress-table-name tablepress-table-name-id-7\"><u> <strong>78. Zlat\u00e1 p\u0159ilba m\u011bsta Pardubic<\/strong><\/u><\/h2>\n\n<table id=\"tablepress-7\" class=\"tablepress tablepress-id-7\" aria-labelledby=\"tablepress-7-name\">\n<tbody class=\"row-striping\">\n<tr class=\"row-1\">\n\t<td class=\"column-1\"><strong>TRIBUNA<\/td><td class=\"column-2\"><\/td>\n<\/tr>\n<tr class=\"row-2\">\n\t<td class=\"column-1\"><strong><font color=\"SaddleBrown\">Sezen\u00ed &nbsp;   B \u2013 Z<\/font><\/strong><\/td><td class=\"column-2\">&nbsp;1 400,- K\u010d<\/td>\n<\/tr>\n<tr class=\"row-3\">\n\t<td class=\"column-1\"><strong><font color=\"SaddleBrown\">Sezen\u00ed &nbsp;  C \u2013 Y<\/font><\/strong><\/td><td class=\"column-2\">&nbsp;1 200,- K\u010d<\/td>\n<\/tr>\n<tr class=\"row-4\">\n\t<td class=\"column-1\"><strong><font color=\"SaddleBrown\">Sezen\u00ed &nbsp;  D \u2013 X <\/font><\/strong><\/td><td class=\"column-2\">&nbsp;1 000,- K\u010d<\/td>\n<\/tr>\n<tr class=\"row-5\">\n\t<td class=\"column-1\"><strong><font color=\"SaddleBrown\">Sezen\u00ed &nbsp;  E \u2013 V <\/font><\/strong><\/td><td class=\"column-2\">&nbsp;&nbsp;&nbsp;&nbsp;&nbsp;900,- K\u010d<\/td>\n<\/tr>\n<tr class=\"row-6\">\n\t<td class=\"column-1\"><strong><font color=\"SaddleBrown\">Sezen\u00ed &nbsp;  M \u2013 N \u2013 O \u2013 P \u2013 R \u2013 G \u2013 H<\/font><\/strong><\/td><td class=\"column-2\">&nbsp;&nbsp;&nbsp;&nbsp;&nbsp;600,- K\u010d<\/td>\n<\/tr>\n<tr class=\"row-7\">\n\t<td class=\"column-1\"><strong><font color=\"SaddleBrown\">Sezen\u00ed &nbsp;  J \u2013 K \u2013 L<\/font><\/strong><\/td><td class=\"column-2\">&nbsp;&nbsp;&nbsp;&nbsp;&nbsp;500,- K\u010d<\/td>\n<\/tr>\n<tr class=\"row-8\">\n\t<td class=\"column-1\"><strong><font color=SaddleBrown>Sezen\u00ed &nbsp;  E \u2013 <\/font><\/strong>rodinn\u00e1 vstupenka (2 dosp\u011bl\u00ed + 2 d\u011bti)<\/td><td class=\"column-2\">&nbsp;1 800,- K\u010d<\/td>\n<\/tr>\n<tr class=\"row-9\">\n\t<td class=\"column-1\"><strong><font color=\"SaddleBrown\">Sezen\u00ed &nbsp;  J \u2013 <\/font><\/strong>rodinn\u00e1 vstupenka (2 dosp\u011bl\u00ed + 2 d\u011bti)<\/td><td class=\"column-2\">&nbsp;1 000,- K\u010d<\/td>\n<\/tr>\n<tr class=\"row-10\">\n\t<td class=\"column-1\"><strong><font color=\"SaddleBrown\">St\u00e1n\u00ed SEVER \u2013 JIH<\/font><\/strong><\/td><td class=\"column-2\">&nbsp;&nbsp;&nbsp;&nbsp;&nbsp;400,- K\u010d<\/td>\n<\/tr>\n<tr class=\"row-11\">\n\t<td class=\"column-1\"><strong><font color=\"SaddleBrown\">St\u00e1n\u00ed \u2013 <\/strong><\/font>d\u011bti do 15 let, studenti, senio\u0159i <br \/>\n&nbsp;&nbsp;&nbsp;&nbsp;&nbsp;&nbsp;&nbsp;&nbsp;&nbsp;&nbsp;&nbsp;&nbsp;&nbsp;&nbsp;&nbsp;&nbsp;&nbsp;(prodej pouze na stadionu ZP)<\/font><\/td><td class=\"column-2\">&nbsp;&nbsp;&nbsp;&nbsp;&nbsp;250,- K\u010d<\/td>\n<\/tr>\n<\/tbody>\n<\/table>\n<!-- #tablepress-7 from cache -->\n<p>&nbsp;<\/p>\n<p><strong>D\u011bti do 5-ti let, pokud neuplat\u0148uj\u00ed n\u00e1rok na sedadlo, maj\u00ed vstup s dr\u017eitelem platn\u00e9 vstupenky zdarma.<\/strong><\/p>\n<p><strong>Pro d\u011bti do 15-ti let doporu\u010dujeme vyu\u017e\u00edt rodinn\u00e9 vstupn\u00e9. Tyto rodinn\u00e9 vstupenky lze po\u0159\u00eddit v\u00fdhradn\u011b na plochodr\u00e1\u017en\u00edm stadionu.<\/strong><\/p>\n","protected":false},"excerpt":{"rendered":"<p>!!! Odkazy na on-line prodej vstupenek jsou v z\u00e1lo\u017ece &#8222;Vstupenky on-line&#8220; !!! &nbsp; CENY PLAT\u00cd od 04.12. 2025 &nbsp; D\u011bti do 5-ti let, pokud neuplat\u0148uj\u00ed n\u00e1rok na sedadlo, maj\u00ed vstup s dr\u017eitelem platn\u00e9 vstupenky zdarma. Pro d\u011bti do 15-ti let<\/p>\n","protected":false},"author":1,"featured_media":0,"parent":0,"menu_order":0,"comment_status":"closed","ping_status":"open","template":"","meta":{"footnotes":""},"class_list":["post-58","page","type-page","status-publish","hentry"],"_links":{"self":[{"href":"https:\/\/www.zlataprilba.cz\/foogalerie\/wp-json\/wp\/v2\/pages\/58","targetHints":{"allow":["GET"]}}],"collection":[{"href":"https:\/\/www.zlataprilba.cz\/foogalerie\/wp-json\/wp\/v2\/pages"}],"about":[{"href":"https:\/\/www.zlataprilba.cz\/foogalerie\/wp-json\/wp\/v2\/types\/page"}],"author":[{"embeddable":true,"href":"https:\/\/www.zlataprilba.cz\/foogalerie\/wp-json\/wp\/v2\/users\/1"}],"replies":[{"embeddable":true,"href":"https:\/\/www.zlataprilba.cz\/foogalerie\/wp-json\/wp\/v2\/comments?post=58"}],"version-history":[{"count":0,"href":"https:\/\/www.zlataprilba.cz\/foogalerie\/wp-json\/wp\/v2\/pages\/58\/revisions"}],"wp:attachment":[{"href":"https:\/\/www.zlataprilba.cz\/foogalerie\/wp-json\/wp\/v2\/media?parent=58"}],"curies":[{"name":"wp","href":"https:\/\/api.w.org\/{rel}","templated":true}]}}