{"id":93,"date":"2013-04-22T22:04:58","date_gmt":"2013-04-22T20:04:58","guid":{"rendered":"http:\/\/wp.vyhny.cz\/?page_id=93"},"modified":"2026-02-09T11:53:05","modified_gmt":"2026-02-09T10:53:05","slug":"jezdci","status":"publish","type":"page","link":"https:\/\/www.zlataprilba.cz\/foogalerie\/jezdci\/","title":{"rendered":"Jezdci AMK ZP Pardubice"},"content":{"rendered":"<div data-contents=\"true\">\n<div class=\"\" data-block=\"true\" data-editor=\"8sbg3\" data-offset-key=\"5rrg6-0-0\">\n<div data-offset-key=\"bjmgo-0-0\"><\/div>\n<\/div>\n<div class=\"\" data-block=\"true\" data-editor=\"8sbg3\" data-offset-key=\"bjmgo-0-0\">\n<div id='gallery-1' class='gallery galleryid-93 gallery-columns-1 gallery-size-full'><figure class='gallery-item'>\n\t\t\t<div class='gallery-icon landscape'>\n\t\t\t\t<a href='https:\/\/www.zlataprilba.cz\/wp-content\/uploads\/2025\/10\/RFGTG.jpg' rel=\"lightbox[93]\"><img loading=\"lazy\" decoding=\"async\" width=\"768\" height=\"58\" src=\"https:\/\/www.zlataprilba.cz\/wp-content\/uploads\/2025\/10\/RFGTG.jpg\" class=\"attachment-full size-full\" alt=\"\" srcset=\"https:\/\/www.zlataprilba.cz\/wp-content\/uploads\/2025\/10\/RFGTG.jpg 768w, https:\/\/www.zlataprilba.cz\/wp-content\/uploads\/2025\/10\/RFGTG-300x23.jpg 300w, https:\/\/www.zlataprilba.cz\/wp-content\/uploads\/2025\/10\/RFGTG-150x11.jpg 150w, https:\/\/www.zlataprilba.cz\/wp-content\/uploads\/2025\/10\/RFGTG-750x58.jpg 750w\" sizes=\"auto, (max-width: 768px) 100vw, 768px\" \/><\/a>\n\t\t\t<\/div><\/figure>\n\t\t<\/div>\n\n<div id='gallery-2' class='gallery galleryid-93 gallery-columns-3 gallery-size-medium'><figure class='gallery-item'>\n\t\t\t<div class='gallery-icon landscape'>\n\t\t\t\t<a href='https:\/\/www.zlataprilba.cz\/wp-content\/uploads\/2023\/05\/jarda.jpg' rel=\"lightbox[93]\"><img loading=\"lazy\" decoding=\"async\" width=\"300\" height=\"300\" src=\"https:\/\/www.zlataprilba.cz\/wp-content\/uploads\/2023\/05\/jarda-300x300.jpg\" class=\"attachment-medium size-medium\" alt=\"\" aria-describedby=\"gallery-2-18883\" srcset=\"https:\/\/www.zlataprilba.cz\/wp-content\/uploads\/2023\/05\/jarda-300x300.jpg 300w, https:\/\/www.zlataprilba.cz\/wp-content\/uploads\/2023\/05\/jarda-150x150.jpg 150w, https:\/\/www.zlataprilba.cz\/wp-content\/uploads\/2023\/05\/jarda-270x270.jpg 270w, https:\/\/www.zlataprilba.cz\/wp-content\/uploads\/2023\/05\/jarda-230x230.jpg 230w, https:\/\/www.zlataprilba.cz\/wp-content\/uploads\/2023\/05\/jarda.jpg 626w\" sizes=\"auto, (max-width: 300px) 100vw, 300px\" \/><\/a>\n\t\t\t<\/div>\n\t\t\t\t<figcaption class='wp-caption-text gallery-caption' id='gallery-2-18883'>\n\t\t\t\tManager\n\t\t\t\t<\/figcaption><\/figure><figure class='gallery-item'>\n\t\t\t<div class='gallery-icon landscape'>\n\t\t\t\t<a href='https:\/\/www.zlataprilba.cz\/wp-content\/uploads\/2023\/06\/asss.jpg' rel=\"lightbox[93]\"><img loading=\"lazy\" decoding=\"async\" width=\"300\" height=\"300\" src=\"https:\/\/www.zlataprilba.cz\/wp-content\/uploads\/2023\/06\/asss-300x300.jpg\" class=\"attachment-medium size-medium\" alt=\"\" aria-describedby=\"gallery-2-19016\" srcset=\"https:\/\/www.zlataprilba.cz\/wp-content\/uploads\/2023\/06\/asss-300x300.jpg 300w, https:\/\/www.zlataprilba.cz\/wp-content\/uploads\/2023\/06\/asss-150x150.jpg 150w, https:\/\/www.zlataprilba.cz\/wp-content\/uploads\/2023\/06\/asss-270x270.jpg 270w, https:\/\/www.zlataprilba.cz\/wp-content\/uploads\/2023\/06\/asss-230x230.jpg 230w, https:\/\/www.zlataprilba.cz\/wp-content\/uploads\/2023\/06\/asss.jpg 626w\" sizes=\"auto, (max-width: 300px) 100vw, 300px\" \/><\/a>\n\t\t\t<\/div>\n\t\t\t\t<figcaption class='wp-caption-text gallery-caption' id='gallery-2-19016'>\n\t\t\t\t500 ccm\n\t\t\t\t<\/figcaption><\/figure><figure class='gallery-item'>\n\t\t\t<div class='gallery-icon landscape'>\n\t\t\t\t<a href='https:\/\/www.zlataprilba.cz\/wp-content\/uploads\/2023\/05\/MILIK.jpg' rel=\"lightbox[93]\"><img loading=\"lazy\" decoding=\"async\" width=\"300\" height=\"300\" src=\"https:\/\/www.zlataprilba.cz\/wp-content\/uploads\/2023\/05\/MILIK-300x300.jpg\" class=\"attachment-medium size-medium\" alt=\"\" aria-describedby=\"gallery-2-18885\" srcset=\"https:\/\/www.zlataprilba.cz\/wp-content\/uploads\/2023\/05\/MILIK-300x300.jpg 300w, https:\/\/www.zlataprilba.cz\/wp-content\/uploads\/2023\/05\/MILIK-150x150.jpg 150w, https:\/\/www.zlataprilba.cz\/wp-content\/uploads\/2023\/05\/MILIK-270x270.jpg 270w, https:\/\/www.zlataprilba.cz\/wp-content\/uploads\/2023\/05\/MILIK-230x230.jpg 230w, https:\/\/www.zlataprilba.cz\/wp-content\/uploads\/2023\/05\/MILIK.jpg 626w\" sizes=\"auto, (max-width: 300px) 100vw, 300px\" \/><\/a>\n\t\t\t<\/div>\n\t\t\t\t<figcaption class='wp-caption-text gallery-caption' id='gallery-2-18885'>\n\t\t\t\t500 ccm\n\t\t\t\t<\/figcaption><\/figure><figure class='gallery-item'>\n\t\t\t<div class='gallery-icon landscape'>\n\t\t\t\t<a href='https:\/\/www.zlataprilba.cz\/wp-content\/uploads\/2023\/06\/HYNek.jpg' rel=\"lightbox[93]\"><img loading=\"lazy\" decoding=\"async\" width=\"300\" height=\"300\" src=\"https:\/\/www.zlataprilba.cz\/wp-content\/uploads\/2023\/06\/HYNek-300x300.jpg\" class=\"attachment-medium size-medium\" alt=\"\" aria-describedby=\"gallery-2-18916\" srcset=\"https:\/\/www.zlataprilba.cz\/wp-content\/uploads\/2023\/06\/HYNek-300x300.jpg 300w, https:\/\/www.zlataprilba.cz\/wp-content\/uploads\/2023\/06\/HYNek-150x150.jpg 150w, https:\/\/www.zlataprilba.cz\/wp-content\/uploads\/2023\/06\/HYNek-270x270.jpg 270w, https:\/\/www.zlataprilba.cz\/wp-content\/uploads\/2023\/06\/HYNek-230x230.jpg 230w, https:\/\/www.zlataprilba.cz\/wp-content\/uploads\/2023\/06\/HYNek.jpg 626w\" sizes=\"auto, (max-width: 300px) 100vw, 300px\" \/><\/a>\n\t\t\t<\/div>\n\t\t\t\t<figcaption class='wp-caption-text gallery-caption' id='gallery-2-18916'>\n\t\t\t\t500 ccm\n\t\t\t\t<\/figcaption><\/figure><figure class='gallery-item'>\n\t\t\t<div class='gallery-icon landscape'>\n\t\t\t\t<a href='https:\/\/www.zlataprilba.cz\/wp-content\/uploads\/2023\/06\/KAMENik-matt.jpg' rel=\"lightbox[93]\"><img loading=\"lazy\" decoding=\"async\" width=\"300\" height=\"300\" src=\"https:\/\/www.zlataprilba.cz\/wp-content\/uploads\/2023\/06\/KAMENik-matt-300x300.jpg\" class=\"attachment-medium size-medium\" alt=\"\" aria-describedby=\"gallery-2-18948\" srcset=\"https:\/\/www.zlataprilba.cz\/wp-content\/uploads\/2023\/06\/KAMENik-matt-300x300.jpg 300w, https:\/\/www.zlataprilba.cz\/wp-content\/uploads\/2023\/06\/KAMENik-matt-150x150.jpg 150w, https:\/\/www.zlataprilba.cz\/wp-content\/uploads\/2023\/06\/KAMENik-matt-270x270.jpg 270w, https:\/\/www.zlataprilba.cz\/wp-content\/uploads\/2023\/06\/KAMENik-matt-230x230.jpg 230w, https:\/\/www.zlataprilba.cz\/wp-content\/uploads\/2023\/06\/KAMENik-matt.jpg 626w\" sizes=\"auto, (max-width: 300px) 100vw, 300px\" \/><\/a>\n\t\t\t<\/div>\n\t\t\t\t<figcaption class='wp-caption-text gallery-caption' id='gallery-2-18948'>\n\t\t\t\t500 ccm\n\t\t\t\t<\/figcaption><\/figure><figure class='gallery-item'>\n\t\t\t<div class='gallery-icon landscape'>\n\t\t\t\t<a href='https:\/\/www.zlataprilba.cz\/wp-content\/uploads\/2023\/05\/JEN.jpg' rel=\"lightbox[93]\"><img loading=\"lazy\" decoding=\"async\" width=\"300\" height=\"300\" src=\"https:\/\/www.zlataprilba.cz\/wp-content\/uploads\/2023\/05\/JEN-300x300.jpg\" class=\"attachment-medium size-medium\" alt=\"\" aria-describedby=\"gallery-2-18884\" srcset=\"https:\/\/www.zlataprilba.cz\/wp-content\/uploads\/2023\/05\/JEN-300x300.jpg 300w, https:\/\/www.zlataprilba.cz\/wp-content\/uploads\/2023\/05\/JEN-150x150.jpg 150w, https:\/\/www.zlataprilba.cz\/wp-content\/uploads\/2023\/05\/JEN-270x270.jpg 270w, https:\/\/www.zlataprilba.cz\/wp-content\/uploads\/2023\/05\/JEN-230x230.jpg 230w, https:\/\/www.zlataprilba.cz\/wp-content\/uploads\/2023\/05\/JEN.jpg 626w\" sizes=\"auto, (max-width: 300px) 100vw, 300px\" \/><\/a>\n\t\t\t<\/div>\n\t\t\t\t<figcaption class='wp-caption-text gallery-caption' id='gallery-2-18884'>\n\t\t\t\t500 ccm\n\t\t\t\t<\/figcaption><\/figure><figure class='gallery-item'>\n\t\t\t<div class='gallery-icon landscape'>\n\t\t\t\t<a href='https:\/\/www.zlataprilba.cz\/wp-content\/uploads\/2023\/06\/HLAci.jpg' rel=\"lightbox[93]\"><img loading=\"lazy\" decoding=\"async\" width=\"300\" height=\"300\" src=\"https:\/\/www.zlataprilba.cz\/wp-content\/uploads\/2023\/06\/HLAci-300x300.jpg\" class=\"attachment-medium size-medium\" alt=\"\" aria-describedby=\"gallery-2-18918\" srcset=\"https:\/\/www.zlataprilba.cz\/wp-content\/uploads\/2023\/06\/HLAci-300x300.jpg 300w, https:\/\/www.zlataprilba.cz\/wp-content\/uploads\/2023\/06\/HLAci-150x150.jpg 150w, https:\/\/www.zlataprilba.cz\/wp-content\/uploads\/2023\/06\/HLAci-270x270.jpg 270w, https:\/\/www.zlataprilba.cz\/wp-content\/uploads\/2023\/06\/HLAci-230x230.jpg 230w, https:\/\/www.zlataprilba.cz\/wp-content\/uploads\/2023\/06\/HLAci.jpg 626w\" sizes=\"auto, (max-width: 300px) 100vw, 300px\" \/><\/a>\n\t\t\t<\/div>\n\t\t\t\t<figcaption class='wp-caption-text gallery-caption' id='gallery-2-18918'>\n\t\t\t\t500 ccm\n\t\t\t\t<\/figcaption><\/figure><figure class='gallery-item'>\n\t\t\t<div class='gallery-icon landscape'>\n\t\t\t\t<a href='https:\/\/www.zlataprilba.cz\/wp-content\/uploads\/2024\/10\/HOF2.jpg' rel=\"lightbox[93]\"><img loading=\"lazy\" decoding=\"async\" width=\"300\" height=\"300\" src=\"https:\/\/www.zlataprilba.cz\/wp-content\/uploads\/2024\/10\/HOF2-300x300.jpg\" class=\"attachment-medium size-medium\" alt=\"\" aria-describedby=\"gallery-2-21096\" srcset=\"https:\/\/www.zlataprilba.cz\/wp-content\/uploads\/2024\/10\/HOF2-300x300.jpg 300w, https:\/\/www.zlataprilba.cz\/wp-content\/uploads\/2024\/10\/HOF2-150x150.jpg 150w, https:\/\/www.zlataprilba.cz\/wp-content\/uploads\/2024\/10\/HOF2-270x270.jpg 270w, https:\/\/www.zlataprilba.cz\/wp-content\/uploads\/2024\/10\/HOF2-230x230.jpg 230w, https:\/\/www.zlataprilba.cz\/wp-content\/uploads\/2024\/10\/HOF2.jpg 626w\" sizes=\"auto, (max-width: 300px) 100vw, 300px\" \/><\/a>\n\t\t\t<\/div>\n\t\t\t\t<figcaption class='wp-caption-text gallery-caption' id='gallery-2-21096'>\n\t\t\t\t500 ccm\n\t\t\t\t<\/figcaption><\/figure><figure class='gallery-item'>\n\t\t\t<div class='gallery-icon landscape'>\n\t\t\t\t<a href='https:\/\/www.zlataprilba.cz\/wp-content\/uploads\/2024\/10\/JIR2.jpg' rel=\"lightbox[93]\"><img loading=\"lazy\" decoding=\"async\" width=\"300\" height=\"300\" src=\"https:\/\/www.zlataprilba.cz\/wp-content\/uploads\/2024\/10\/JIR2-300x300.jpg\" class=\"attachment-medium size-medium\" alt=\"\" aria-describedby=\"gallery-2-21098\" srcset=\"https:\/\/www.zlataprilba.cz\/wp-content\/uploads\/2024\/10\/JIR2-300x300.jpg 300w, https:\/\/www.zlataprilba.cz\/wp-content\/uploads\/2024\/10\/JIR2-150x150.jpg 150w, https:\/\/www.zlataprilba.cz\/wp-content\/uploads\/2024\/10\/JIR2-270x270.jpg 270w, https:\/\/www.zlataprilba.cz\/wp-content\/uploads\/2024\/10\/JIR2-230x230.jpg 230w, https:\/\/www.zlataprilba.cz\/wp-content\/uploads\/2024\/10\/JIR2.jpg 626w\" sizes=\"auto, (max-width: 300px) 100vw, 300px\" \/><\/a>\n\t\t\t<\/div>\n\t\t\t\t<figcaption class='wp-caption-text gallery-caption' id='gallery-2-21098'>\n\t\t\t\t500 ccm\n\t\t\t\t<\/figcaption><\/figure><figure class='gallery-item'>\n\t\t\t<div class='gallery-icon landscape'>\n\t\t\t\t<a href='https:\/\/www.zlataprilba.cz\/wp-content\/uploads\/2024\/10\/HROm.jpg' rel=\"lightbox[93]\"><img loading=\"lazy\" decoding=\"async\" width=\"300\" height=\"300\" src=\"https:\/\/www.zlataprilba.cz\/wp-content\/uploads\/2024\/10\/HROm-300x300.jpg\" class=\"attachment-medium size-medium\" alt=\"\" aria-describedby=\"gallery-2-21021\" srcset=\"https:\/\/www.zlataprilba.cz\/wp-content\/uploads\/2024\/10\/HROm-300x300.jpg 300w, https:\/\/www.zlataprilba.cz\/wp-content\/uploads\/2024\/10\/HROm-150x150.jpg 150w, https:\/\/www.zlataprilba.cz\/wp-content\/uploads\/2024\/10\/HROm-270x270.jpg 270w, https:\/\/www.zlataprilba.cz\/wp-content\/uploads\/2024\/10\/HROm-230x230.jpg 230w, https:\/\/www.zlataprilba.cz\/wp-content\/uploads\/2024\/10\/HROm.jpg 626w\" sizes=\"auto, (max-width: 300px) 100vw, 300px\" \/><\/a>\n\t\t\t<\/div>\n\t\t\t\t<figcaption class='wp-caption-text gallery-caption' id='gallery-2-21021'>\n\t\t\t\t500 ccm\n\t\t\t\t<\/figcaption><\/figure><figure class='gallery-item'>\n\t\t\t<div class='gallery-icon landscape'>\n\t\t\t\t<a href='https:\/\/www.zlataprilba.cz\/wp-content\/uploads\/2024\/10\/HRBek1.jpg' rel=\"lightbox[93]\"><img loading=\"lazy\" decoding=\"async\" width=\"300\" height=\"300\" src=\"https:\/\/www.zlataprilba.cz\/wp-content\/uploads\/2024\/10\/HRBek1-300x300.jpg\" class=\"attachment-medium size-medium\" alt=\"\" aria-describedby=\"gallery-2-21019\" srcset=\"https:\/\/www.zlataprilba.cz\/wp-content\/uploads\/2024\/10\/HRBek1-300x300.jpg 300w, https:\/\/www.zlataprilba.cz\/wp-content\/uploads\/2024\/10\/HRBek1-150x150.jpg 150w, https:\/\/www.zlataprilba.cz\/wp-content\/uploads\/2024\/10\/HRBek1-270x270.jpg 270w, https:\/\/www.zlataprilba.cz\/wp-content\/uploads\/2024\/10\/HRBek1-230x230.jpg 230w, https:\/\/www.zlataprilba.cz\/wp-content\/uploads\/2024\/10\/HRBek1.jpg 626w\" sizes=\"auto, (max-width: 300px) 100vw, 300px\" \/><\/a>\n\t\t\t<\/div>\n\t\t\t\t<figcaption class='wp-caption-text gallery-caption' id='gallery-2-21019'>\n\t\t\t\t500ccm\n\t\t\t\t<\/figcaption><\/figure><figure class='gallery-item'>\n\t\t\t<div class='gallery-icon landscape'>\n\t\t\t\t<a href='https:\/\/www.zlataprilba.cz\/wp-content\/uploads\/2023\/05\/HUTTLIC.jpg' rel=\"lightbox[93]\"><img loading=\"lazy\" decoding=\"async\" width=\"300\" height=\"300\" src=\"https:\/\/www.zlataprilba.cz\/wp-content\/uploads\/2023\/05\/HUTTLIC-300x300.jpg\" class=\"attachment-medium size-medium\" alt=\"\" aria-describedby=\"gallery-2-18888\" srcset=\"https:\/\/www.zlataprilba.cz\/wp-content\/uploads\/2023\/05\/HUTTLIC-300x300.jpg 300w, https:\/\/www.zlataprilba.cz\/wp-content\/uploads\/2023\/05\/HUTTLIC-150x150.jpg 150w, https:\/\/www.zlataprilba.cz\/wp-content\/uploads\/2023\/05\/HUTTLIC-270x270.jpg 270w, https:\/\/www.zlataprilba.cz\/wp-content\/uploads\/2023\/05\/HUTTLIC-230x230.jpg 230w, https:\/\/www.zlataprilba.cz\/wp-content\/uploads\/2023\/05\/HUTTLIC.jpg 626w\" sizes=\"auto, (max-width: 300px) 100vw, 300px\" \/><\/a>\n\t\t\t<\/div>\n\t\t\t\t<figcaption class='wp-caption-text gallery-caption' id='gallery-2-18888'>\n\t\t\t\tLedov\u00e1 ploch\u00e1 dr\u00e1ha\n\t\t\t\t<\/figcaption><\/figure><figure class='gallery-item'>\n\t\t\t<div class='gallery-icon landscape'>\n\t\t\t\t<a href='https:\/\/www.zlataprilba.cz\/wp-content\/uploads\/2026\/02\/SUCHANEK.jpg' rel=\"lightbox[93]\"><img loading=\"lazy\" decoding=\"async\" width=\"300\" height=\"300\" src=\"https:\/\/www.zlataprilba.cz\/wp-content\/uploads\/2026\/02\/SUCHANEK-300x300.jpg\" class=\"attachment-medium size-medium\" alt=\"\" aria-describedby=\"gallery-2-23350\" srcset=\"https:\/\/www.zlataprilba.cz\/wp-content\/uploads\/2026\/02\/SUCHANEK-300x300.jpg 300w, https:\/\/www.zlataprilba.cz\/wp-content\/uploads\/2026\/02\/SUCHANEK-150x150.jpg 150w, https:\/\/www.zlataprilba.cz\/wp-content\/uploads\/2026\/02\/SUCHANEK-270x270.jpg 270w, https:\/\/www.zlataprilba.cz\/wp-content\/uploads\/2026\/02\/SUCHANEK-230x230.jpg 230w, https:\/\/www.zlataprilba.cz\/wp-content\/uploads\/2026\/02\/SUCHANEK.jpg 626w\" sizes=\"auto, (max-width: 300px) 100vw, 300px\" \/><\/a>\n\t\t\t<\/div>\n\t\t\t\t<figcaption class='wp-caption-text gallery-caption' id='gallery-2-23350'>\n\t\t\t\t125 ccm\n\t\t\t\t<\/figcaption><\/figure><figure class='gallery-item'>\n\t\t\t<div class='gallery-icon landscape'>\n\t\t\t\t<a href='https:\/\/www.zlataprilba.cz\/wp-content\/uploads\/2026\/02\/LISKA.jpg' rel=\"lightbox[93]\"><img loading=\"lazy\" decoding=\"async\" width=\"300\" height=\"300\" src=\"https:\/\/www.zlataprilba.cz\/wp-content\/uploads\/2026\/02\/LISKA-300x300.jpg\" class=\"attachment-medium size-medium\" alt=\"\" aria-describedby=\"gallery-2-23351\" srcset=\"https:\/\/www.zlataprilba.cz\/wp-content\/uploads\/2026\/02\/LISKA-300x300.jpg 300w, https:\/\/www.zlataprilba.cz\/wp-content\/uploads\/2026\/02\/LISKA-150x150.jpg 150w, https:\/\/www.zlataprilba.cz\/wp-content\/uploads\/2026\/02\/LISKA-270x270.jpg 270w, https:\/\/www.zlataprilba.cz\/wp-content\/uploads\/2026\/02\/LISKA-230x230.jpg 230w, https:\/\/www.zlataprilba.cz\/wp-content\/uploads\/2026\/02\/LISKA.jpg 626w\" sizes=\"auto, (max-width: 300px) 100vw, 300px\" \/><\/a>\n\t\t\t<\/div>\n\t\t\t\t<figcaption class='wp-caption-text gallery-caption' id='gallery-2-23351'>\n\t\t\t\t125 ccm\n\t\t\t\t<\/figcaption><\/figure>\n\t\t<\/div>\n\n<\/div>\n<\/div>\n<p>&nbsp;<\/p>\n","protected":false},"excerpt":{"rendered":"<p>&nbsp;<\/p>\n","protected":false},"author":1,"featured_media":0,"parent":0,"menu_order":0,"comment_status":"closed","ping_status":"open","template":"","meta":{"footnotes":""},"class_list":["post-93","page","type-page","status-publish","hentry"],"_links":{"self":[{"href":"https:\/\/www.zlataprilba.cz\/foogalerie\/wp-json\/wp\/v2\/pages\/93","targetHints":{"allow":["GET"]}}],"collection":[{"href":"https:\/\/www.zlataprilba.cz\/foogalerie\/wp-json\/wp\/v2\/pages"}],"about":[{"href":"https:\/\/www.zlataprilba.cz\/foogalerie\/wp-json\/wp\/v2\/types\/page"}],"author":[{"embeddable":true,"href":"https:\/\/www.zlataprilba.cz\/foogalerie\/wp-json\/wp\/v2\/users\/1"}],"replies":[{"embeddable":true,"href":"https:\/\/www.zlataprilba.cz\/foogalerie\/wp-json\/wp\/v2\/comments?post=93"}],"version-history":[{"count":0,"href":"https:\/\/www.zlataprilba.cz\/foogalerie\/wp-json\/wp\/v2\/pages\/93\/revisions"}],"wp:attachment":[{"href":"https:\/\/www.zlataprilba.cz\/foogalerie\/wp-json\/wp\/v2\/media?parent=93"}],"curies":[{"name":"wp","href":"https:\/\/api.w.org\/{rel}","templated":true}]}}